{"id":3721,"date":"2022-12-19T11:19:36","date_gmt":"2022-12-19T11:19:36","guid":{"rendered":"https:\/\/www.bilplas.com\/?page_id=3721"},"modified":"2022-12-19T13:07:03","modified_gmt":"2022-12-19T13:07:03","slug":"kisisel-verilerin-korunmasi-politikasi","status":"publish","type":"page","link":"https:\/\/www.bilplas.com\/en\/kisisel-verilerin-korunmasi-politikasi","title":{"rendered":"Ki\u015fisel Verilerin Korunmas\u0131 Politikas\u0131"},"content":{"rendered":"<div id=\"pl-3721\"  class=\"panel-layout\" ><div id=\"pg-3721-0\"  class=\"panel-grid panel-no-style\" ><div id=\"pgc-3721-0-0\"  class=\"panel-grid-cell\" ><div id=\"panel-3721-0-0-0\" class=\"so-panel widget widget_text panel-first-child panel-last-child\" data-index=\"0\" ><h3 class=\"widget-title\">Ki\u015fisel Verilerin Korunmas\u0131 Politikas\u0131<\/h3>\t\t\t<div class=\"textwidget\"><p>&nbsp;<\/p>\n<p><strong>1-<\/strong>\u00a06698 say\u0131l\u0131 Ki\u015fisel Verilerin Korunmas\u0131 Hakk\u0131nda Kanun (\u201cKVKK\u201d) uyar\u0131nca, Bilplas Savunma Limited \u015eirketi (\u201c\u015eirket\u201d) olarak, veri sorumlusu s\u0131fat\u0131yla, siz \u00e7al\u0131\u015fanlar\u0131m\u0131z\u0131n ki\u015fisel verilerini, a\u015fa\u011f\u0131da belirtilen ama\u00e7lar kapsam\u0131nda; hukuka ve d\u00fcr\u00fcstl\u00fck kurallar\u0131na uygun bir \u015fekilde i\u015fleyebilecek, kaydedebilecek, saklayabilecek, s\u0131n\u0131fland\u0131rabilecek, g\u00fcncelleyebilecek ve mevzuat\u0131n izin verdi\u011fi hallerde, i\u015flendikleri ama\u00e7la s\u0131n\u0131rl\u0131 olarak 3. ki\u015filere aktarabilece\u011fiz. \u0130\u015fbu bilgilendirme, \u015eirketin Kanun kapsam\u0131nda \u00e7al\u0131\u015fanlar\u0131na (Stajyerleri de kapsamaktad\u0131r.) \u00a0y\u00f6nelik ayd\u0131nlatma y\u00fck\u00fcml\u00fcl\u00fc\u011f\u00fcn\u00fc yerine getirmek \u00fczere yap\u0131lmaktad\u0131r.<\/p>\n<p><strong>2-\u00a0<\/strong>\u015eirket, hizmet ili\u015fkisi tesis etti\u011fi \u00e7al\u0131\u015fanlar\u0131n\u0131n ki\u015fisel verilerini, kurulan hizmet s\u00f6zle\u015fmesinin ifas\u0131, kar\u015f\u0131l\u0131kl\u0131 edimlerin yerine getirilmesi ve ba\u015fkaca Kanuni y\u00fck\u00fcml\u00fcl\u00fcklerin ifas\u0131 bak\u0131m\u0131ndan gerekli oldu\u011fu \u00f6l\u00e7\u00fcde r\u0131za aranmaks\u0131z\u0131n i\u015fleyebilir. \u015eirket, \u00e7al\u0131\u015fanlar\u0131na ait verilerin gizlili\u011fini ve korunmas\u0131n\u0131 temin eder.<\/p>\n<p><strong>3-\u00a0<\/strong>\u015eirket i\u00e7inde \u00e7al\u0131\u015fanlara tahsis edilen bilgisayar, telefon, e-posta, di\u011fer elektronik ileti\u015fim kanallar\u0131 ve ara\u00e7lar \u00e7al\u0131\u015fana sadece i\u015f amac\u0131 ile tahsis edilmi\u015ftir. \u00c7al\u0131\u015fan, \u015firketin kendisine tahsis etti\u011fi bu vas\u0131talar\u0131 tahsis amac\u0131 d\u0131\u015f\u0131nda veya ki\u015fisel ileti\u015fimi i\u00e7in kullanamaz. \u015eirket bu ara\u00e7lar \u00fczerindeki b\u00fct\u00fcn verileri kontrol edebilir ve denetleyebilir. \u00c7al\u0131\u015fanlar, i\u015fe ba\u015flad\u0131\u011f\u0131 andan itibaren kendisine tahsis edilen bilgisayarda, telefonlarda ya da di\u011fer ara\u00e7larda i\u015f d\u0131\u015f\u0131nda ba\u015fka bir veri ya da bilgi bulundurmayaca\u011f\u0131n\u0131 taahh\u00fct eder. Ara\u00e7lar\u0131n amaca ayk\u0131r\u0131 kullan\u0131lmas\u0131ndan kaynaklanan hukuki, idari ve cezai sorumluluk, \u00e7al\u0131\u015fana aittir.<\/p>\n<table width=\"1170\">\n<tbody>\n<tr>\n<td width=\"928\"><strong>Kimlik Verisi:<\/strong>\u00a0Ad, soyad\u0131, do\u011fum tarihi, do\u011fdu\u011fu \u00fclke, do\u011fdu\u011fu \u015fehir, cinsiyet, medeni durumu, milliyeti, TC kimlik kart\u0131 bilgileri<\/td>\n<\/tr>\n<tr>\n<td width=\"928\"><strong>\u0130leti\u015fim Verisi:\u00a0<\/strong>Telefon numaras\u0131, a\u00e7\u0131k adres bilgisi, e-posta adresi, \u015eirket i\u00e7i ileti\u015fim bilgileri<\/td>\n<\/tr>\n<tr>\n<td width=\"928\"><strong>Finansal Veri:\u00a0<\/strong>Finansal ve maa\u015f detaylar\u0131, bordrolar, prim hak edi\u015fleri, prim tutarlar\u0131, icra takip dosyalar\u0131na ili\u015fkin dosya ve bor\u00e7 bilgileri, banka hesap c\u00fczdan\u0131, asgari ge\u00e7im indirimi bilgisi, \u00f6zel sa\u011fl\u0131k sigortas\u0131 tutar\u0131<\/td>\n<\/tr>\n<tr>\n<td width=\"928\"><strong>\u00d6zel Nitelikli Ki\u015fisel Veri:\u00a0<\/strong>Sendikas\u0131, eski h\u00fck\u00fcml\u00fc olma durumu\/sab\u0131ka kayd\u0131, sakatl\u0131k durumu\/tan\u0131m\u0131\/y\u00fczdesi, dini, sa\u011fl\u0131k verisi, kan grubu, \u00f6zel sa\u011fl\u0131k sigortas\u0131 poli\u00e7esi, sa\u011fl\u0131k raporlar\u0131, i\u015fba\u015f\u0131 sa\u011fl\u0131k raporu, akci\u011fer grafisi, i\u015fitme testi, g\u00f6z testi, i\u015fyeri hekiminin imzalatt\u0131\u011f\u0131 i\u015fe giri\u015f ve periyodik muayene formlar\u0131, hamilelik durumu, hamilelik raporu, sa\u011fl\u0131k ve do\u011fum izni bilgileri, dernek\/vak\u0131f \u00fcyelikleri<\/td>\n<\/tr>\n<tr>\n<td width=\"928\"><strong>E\u011fitim Verisi:\u00a0<\/strong>\u00d6\u011frenim durumu, sertifika ve diploma bilgileri, yabanc\u0131 dil bilgileri, e\u011fitim ve beceriler, CV, ald\u0131\u011f\u0131 kurslar<\/td>\n<\/tr>\n<\/tbody>\n<\/table>\n<p>&nbsp;<\/p>\n<table width=\"100%\">\n<tbody>\n<tr>\n<td width=\"930\"><strong>G\u00f6rsel ve \u0130\u015fitsel Veri:\u00a0<\/strong>Ger\u00e7ek ki\u015fiye ait foto\u011fraf, ses kay\u0131tlar\u0131, kamera kay\u0131tlar\u0131<\/td>\n<\/tr>\n<tr>\n<td width=\"930\"><strong>Fiziksel Mekan G\u00fcvenlik Bilgisi:<\/strong>\u00a0Kimli\u011fi belirli veya belirlenebilir bir ger\u00e7ek ki\u015fiye ait oldu\u011fu a\u00e7\u0131k olan; k\u0131smen veya tamamen otomatik \u015fekilde veya veri kay\u0131t sisteminin bir par\u00e7as\u0131 olarak otomatik olmayan \u015fekilde i\u015flenen; fiziksel mekana giri\u015fte, fiziksel mekan\u0131n i\u00e7erisinde kal\u0131\u015f s\u0131ras\u0131nda al\u0131nan kay\u0131tlar ve belgelere ili\u015fkin ki\u015fisel veriler; kamera kay\u0131tlar\u0131, parmak izi kay\u0131tlar\u0131 ve g\u00fcvenlik noktas\u0131nda al\u0131nan kay\u0131tlar v.b.<\/td>\n<\/tr>\n<tr>\n<td width=\"930\"><strong>\u00c7al\u0131\u015fan Performans ve Kariyer Geli\u015fim Verisi<\/strong>: E\u011fitim ve beceriler, hangi tarihte hangi e\u011fitimi ald\u0131\u011f\u0131 bilgisi, e- posta, imzal\u0131 kat\u0131l\u0131m formu, m\u00fc\u015fteri ile g\u00f6r\u00fc\u015fme kalite de\u011ferlendirme formu, ayl\u0131k performans\u0131n\u0131n de\u011ferlendirilmesi ve hedef ger\u00e7ekle\u015ftirme durumu, aktivite bilgileri<\/td>\n<\/tr>\n<tr>\n<td width=\"930\"><strong>Aile Yak\u0131n\u0131 Verisi:\u00a0<\/strong>Evlilik c\u00fczdan\u0131; e\u015f ve \u00e7ocuklar\u0131n\u0131n ad\u0131, soyad\u0131, T.C. Kimlik Numaras\u0131 cinsiyeti, do\u011fum tarihi, boyu, kilosu, g\u00f6revi, telefon numaras\u0131; yak\u0131nlar\u0131n\u0131n ad\u0131, soyad\u0131 ve telefon numaras\u0131<\/td>\n<\/tr>\n<tr>\n<td width=\"930\"><strong>\u00c7al\u0131\u015fmaVerisi:\u00a0<\/strong>Sicil no, pozisyon ad\u0131, departman\u0131 ve birimi, unvan\u0131, son i\u015fe giri\u015f tarihi, i\u015fe giri\u015f \u00e7\u0131k\u0131\u015f tarihleri, sigorta giri\u015f\/emeklilik, tahsis no, sosyal g\u00fcvenlik no, TTF no, vergi dairesi no, esnek saatlerde \u00e7al\u0131\u015fma durumu, \u015firket sicil no, seyahat durumu, emekli sand\u0131\u011f\u0131, emekli sand\u0131\u011f\u0131 giri\u015f tarihi, emekli sand\u0131\u011f\u0131 sicil no, ba\u011fkur giri\u015f tarihi, ba\u011fkur sicil no, muhasebe kodu, \u00e7al\u0131\u015fma g\u00fcn say\u0131s\u0131, \u00e7al\u0131\u015ft\u0131\u011f\u0131 projeler, ayl\u0131k toplam mesai bilgisi, k\u0131dem tazminat\u0131 baz tarih, k\u0131dem tazminat\u0131 ilave g\u00fcn, grevde ge\u00e7en g\u00fcn<\/td>\n<\/tr>\n<tr>\n<td width=\"930\"><strong>\u0130zin Verisi<\/strong>: \u0130zin k\u0131dem tarihi, izin k\u0131dem ilave g\u00fcn, izin grubu, \u00e7\u0131k\u0131\u015f\/d\u00f6n\u00fc\u015f tarihi, g\u00fcn, izine \u00e7\u0131k\u0131\u015f nedeni, izinde bulunaca\u011f\u0131 adres\/telefon<\/td>\n<\/tr>\n<tr>\n<td width=\"930\"><strong>Di\u011fer<\/strong>: Askerlik tecili, ara\u00e7 plakas\u0131, ara\u00e7 ruhsat\u0131 sureti, ara\u00e7 km bilgisi, ara\u00e7 lokasyonu, ehliyet sureti, trafik cezas\u0131 sorgulama sonucu, \u00f6zel sand\u0131k ad\u0131, \u00f6zel sand\u0131k giri\u015f tarihi, \u00f6zel sand\u0131k sicil no, boy, kilo, \u015fehit yak\u0131n\u0131 olma durumu.<\/td>\n<\/tr>\n<\/tbody>\n<\/table>\n<p><strong>4-\u00a0<\/strong>\u015eirket \u00e7al\u0131\u015fanlar\u0131na ili\u015fkin kendileri taraf\u0131ndan sa\u011flanan ki\u015fisel veriler i\u015flenebilmektedir. \u0130\u015flemeye konu olabilecek ki\u015fisel veriler a\u015fa\u011f\u0131daki gibidir:<\/p>\n<p><strong>5-<\/strong>\u00a0\u015eirket taraf\u0131ndan ki\u015fisel veriler, a\u015fa\u011f\u0131da belirtilen ama\u00e7 ve hukuki sebepler gibi ancak bunlarla s\u0131n\u0131rl\u0131 olmayan benzer ama\u00e7 ve sebeplerle i\u015flenebilir.<\/p>\n<ul>\n<li>\u00c7al\u0131\u015fanlar\u0131n izin onay\u0131, bakiye izinlerin g\u00f6r\u00fcnt\u00fclenmesi, izin d\u00fczenlemelerinin yap\u0131lmas\u0131<\/li>\n<li>\u00c7al\u0131\u015fanlar\u0131n i\u015ften \u00e7\u0131k\u0131\u015f i\u015flemlerinin yap\u0131lmas\u0131<\/li>\n<li>Bordro i\u015flemlerinin yap\u0131lmas\u0131n\u0131n sa\u011flanmas\u0131<\/li>\n<li>\u00c7al\u0131\u015fanlara maa\u015f \u00f6demelerinin yap\u0131lmas\u0131<\/li>\n<li>\u00c7al\u0131\u015fanlara sa\u011fl\u0131k hizmetlerinin sa\u011flanmas\u0131, kan grubu listelerinin tutulmas\u0131<\/li>\n<\/ul>\n<p>\u0130\u015f Kanunu, \u0130\u015f Sa\u011fl\u0131\u011f\u0131 ve G\u00fcvenli\u011fi Kanunu, Sosyal G\u00fcvenlik Kanunu ve ilgili mevzuat ile di\u011fer kanunlar ve mevzuat kapsam\u0131nda gereklilikleri yerine getirmek amac\u0131yla;<\/p>\n<ul>\n<li>Personel \u00f6zl\u00fck dosyas\u0131n\u0131n olu\u015fturulmas\u0131<\/li>\n<li>\u0130nsan kaynaklar\u0131 s\u00fcre\u00e7lerinin planlanmas\u0131 ve icras\u0131,<\/li>\n<li>SGK bildirimleri, \u0130\u015eKUR bildirimleri, karakol bildirimi ile te\u015fvik ve yasal y\u00fck\u00fcml\u00fcl\u00fck bilgilendirmesinin yap\u0131lmas\u0131<\/li>\n<li>\u00c7al\u0131\u015fan s\u00f6zle\u015fme s\u00fcreci y\u00f6netimi, sigorta yenileme s\u00fcre\u00e7lerinin y\u00fcr\u00fct\u00fclmesi,<\/li>\n<li>Zorunlu bireysel emeklilik sigortas\u0131 hesab\u0131 a\u00e7\u0131lmas\u0131n\u0131n sa\u011flanmas\u0131<\/li>\n<li>\u00c7al\u0131\u015fanlar\u0131n giri\u015f \u00e7\u0131k\u0131\u015f kay\u0131tlar\u0131n\u0131n kontrol\u00fc ve Ar-Ge i\u00e7in kamera kay\u0131tlar\u0131n\u0131n kap\u0131 giri\u015f \u00e7\u0131k\u0131\u015f kay\u0131tlar\u0131yla olan e\u015fle\u015fmesinin tespit edilmesi<\/li>\n<li>Personel giri\u015fleri i\u00e7in kart ve servis kay\u0131tlar\u0131n\u0131n yap\u0131lmas\u0131,<\/li>\n<li>Ar-Ge i\u00e7in te\u015fvik hesaplamas\u0131 yap\u0131lmas\u0131<\/li>\n<li>\u015eirket i\u00e7i e\u011fitim ve oryantasyon programlar\u0131n\u0131n planlanmas\u0131 ve icras\u0131,<\/li>\n<li>Y\u00f6netim kurulu kararlar\u0131n\u0131n y\u00f6netimi,<\/li>\n<li>Genel kurul toplant\u0131s\u0131 plan ve y\u00f6netimi,<\/li>\n<li>Dava ve hukuk i\u015flerinin takibi<\/li>\n<li>B\u00fct\u00e7eleme s\u00fcre\u00e7lerinin devaml\u0131l\u0131\u011f\u0131,<\/li>\n<li>Personel e\u011fitimlerinin verilmesi ve y\u00f6netimi<\/li>\n<li>\u0130cra dosyalar\u0131na \u00e7al\u0131\u015fanlar\u0131n maa\u015f haciz kesintilerine ili\u015fkin \u00f6deme yap\u0131lmas\u0131<\/li>\n<li>\u0130\u015f kazas\u0131n\u0131n yasal bildirimlerinin yap\u0131lmas\u0131<\/li>\n<li>\u0130\u015f sa\u011fl\u0131\u011f\u0131 ve g\u00fcvenli\u011fi i\u015flemlerinin yap\u0131lmas\u0131<\/li>\n<li>\u0130\u015f sa\u011fl\u0131\u011f\u0131 ve g\u00fcvenli\u011fi s\u00fcre\u00e7lerinin y\u00fcr\u00fct\u00fclmesi<\/li>\n<li>\u0130\u015f sa\u011fl\u0131\u011f\u0131 ve g\u00fcvenli\u011fi kapsam\u0131nda kaza ve mevzuat y\u00f6netimi,<\/li>\n<li>Mevzuat, ilgili d\u00fczenleyici kurumlar ve di\u011fer otoritelerce \u00f6ng\u00f6r\u00fclen di\u011fer bilgi saklama, raporlama, bilgilendirme y\u00fck\u00fcml\u00fcl\u00fcklerine uymak<\/li>\n<li>Hizmet al\u0131m s\u00f6zle\u015fmeleri s\u00fcre\u00e7lerinin kurgulanmas\u0131,<\/li>\n<li>Mahkeme kararlar\u0131n\u0131n yerine getirilmesi<\/li>\n<li>\u015eirket i\u00e7erisinde g\u00fcvenli\u011fin sa\u011flanmas\u0131 amac\u0131yla;<\/li>\n<li>\u0130\u015fyeri g\u00fcvenli\u011finin sa\u011flanmas\u0131<\/li>\n<li>\u015eirkete ili\u015fkin bina ve yap\u0131lara \u00e7al\u0131\u015fan\u0131n giri\u015f \u00e7\u0131k\u0131\u015f\u0131n\u0131n temin edilmesi<\/li>\n<li>M\u00fc\u015fteri s\u00f6zle\u015fmelerinin ifas\u0131ndan do\u011fan gereklilik nedeniyle;<\/li>\n<li>M\u00fc\u015fteri \u015fikayetlerinde m\u00fc\u015fterinin hakl\u0131\/haks\u0131z ayr\u0131m\u0131n\u0131n yap\u0131lmas\u0131, m\u00fc\u015fteri memnuniyetinin artt\u0131r\u0131lmas\u0131, m\u00fc\u015fteri ihtiyac\u0131n\u0131n anla\u015f\u0131lmas\u0131 ve m\u00fc\u015fteri ile ili\u015fkili s\u00fcre\u00e7lerin iyile\u015ftirilmesinin sa\u011flanmas\u0131<\/li>\n<li>M\u00fc\u015fteriye hizmet kalitesinin de\u011ferlendirilmesi ve \u00e7al\u0131\u015fanlara e\u011fitim verilmesi<\/li>\n<li>\u015eirketin idaresi, i\u015fin y\u00fcr\u00fct\u00fclmesi, \u015firket politikalar\u0131n\u0131n uygulanmas\u0131 amac\u0131yla;<\/li>\n<li>\u015eirket \u00e7al\u0131\u015fanlar\u0131n\u0131n sat\u0131\u015f performanslar\u0131n\u0131n takibi ve raporlanmas\u0131<\/li>\n<li>\u00c7al\u0131\u015fanlara masraf \u00f6demelerinin yap\u0131lmas\u0131<\/li>\n<li>\u00c7al\u0131\u015fanlarla ileti\u015fimin sa\u011flanmas\u0131<\/li>\n<li>Personel seyahatlerinin planlanmas\u0131 ve avans s\u00fcre\u00e7lerinin y\u00fcr\u00fct\u00fclmesi,<\/li>\n<li>Evrak i\u015flerinin y\u00fcr\u00fct\u00fclmesi ve takibi<\/li>\n<li>Kurumsal ileti\u015fim faaliyetlerinin planlanmas\u0131 ve icras\u0131<\/li>\n<li>Kendisine ara\u00e7 tahsis edilen veya kulland\u0131r\u0131lan \u00e7al\u0131\u015fan\u0131n araba kullanmaya ehil oldu\u011funun, ehliyetini herhangi bir nedenle kaybetmedi\u011finin teyit edilmesi<\/li>\n<li>\u00c7al\u0131\u015fana ara\u00e7 tedarik edilmesi ve park yeri ayarlanmas\u0131n\u0131n sa\u011flanmas\u0131<\/li>\n<li>Kargo ve kurye arac\u0131l\u0131\u011f\u0131yla gelen paketlerin ilgili \u00e7al\u0131\u015fana iletilmesinin sa\u011flanmas\u0131<\/li>\n<li>\u00c7al\u0131\u015fanlar\u0131n g\u00fcvenli\u011fi ve i\u015fin y\u00fcr\u00fct\u00fclmesi i\u00e7in \u015eirket arac\u0131 kullan\u0131m\u0131n\u0131n takip edilmesi<\/li>\n<li>Servis ve seyahat organizasyonunun sa\u011flanmas\u0131<\/li>\n<li>Outlook\u2019a \u00e7al\u0131\u015fan verilerinin girilerek \u00e7al\u0131\u015fan\u0131n i\u015f e-postas\u0131n\u0131n olu\u015fturulmas\u0131<\/li>\n<li>\u0130nternet log kay\u0131tlar\u0131n\u0131n tutulmas\u0131,<\/li>\n<li>Bilgi g\u00fcvenli\u011fi s\u00fcre\u00e7lerinin planlanmas\u0131, denetimi ve icras\u0131<\/li>\n<li>\u00c7al\u0131\u015fanlara e-posta hesab\u0131 a\u00e7\u0131lmas\u0131 ve yetkilendirilmesi,<\/li>\n<li>\u00c7al\u0131\u015fanlarla ilgili ara\u015ft\u0131rma projeleri y\u00fcr\u00fct\u00fclmesi<\/li>\n<li>\u00c7al\u0131\u015fanlar\u0131n i\u015fe giri\u015f ve \u00e7\u0131k\u0131\u015flar\u0131n\u0131n kontrol\u00fcn\u00fcn sa\u011flanmas\u0131<\/li>\n<li>\u00c7al\u0131\u015fanlar\u0131n i\u015fe ba\u015fvuru ve m\u00fclakat\u0131 s\u00fcresince toplanan belgelerinin kay\u0131t alt\u0131na al\u0131nmas\u0131<\/li>\n<li>Kutlama ama\u00e7l\u0131 ileti\u015fimin sa\u011flanmas\u0131<\/li>\n<li>E\u011fitim planlamas\u0131n\u0131n yap\u0131lmas\u0131, e\u011fitimlerin raporlamas\u0131, e\u011fitim sertifikalar\u0131n\u0131n haz\u0131rlanmas\u0131, ger\u00e7ekle\u015fen e\u011fitimlere kat\u0131lan \u00e7al\u0131\u015fanlar\u0131n takip edilebilmesi, \u00e7al\u0131\u015fanlar\u0131n ald\u0131klar\u0131 e\u011fitimler sonucu geli\u015fim s\u00fcre\u00e7lerinin takip edilebilmesi<\/li>\n<li>Kalite kontrol\u00fcn sa\u011flanmas\u0131<\/li>\n<li>Acil durumlarda ilgili ki\u015filerle ileti\u015fim sa\u011flanmas\u0131<\/li>\n<li>Vek\u00e2let ve imza sirk\u00fcleri temin s\u00fcre\u00e7lerinin y\u00fcr\u00fct\u00fclmesi,<\/li>\n<li>Alt i\u015fverenlik kapsam\u0131nda uygunluk de\u011ferlendirmelerinin yap\u0131lmas\u0131,<\/li>\n<li>Acil durum haz\u0131rl\u0131klar\u0131n\u0131n yap\u0131lmas\u0131 ve operasyonlar\u0131n\u0131n y\u00fcr\u00fct\u00fclmesi<\/li>\n<\/ul>\n<p><strong>6-<\/strong>\u00a0\u00c7al\u0131\u015fanlar\u0131n g\u00fcvenli\u011fi ve \u015eirketimizin yasalar kar\u015f\u0131s\u0131ndaki y\u00fck\u00fcml\u00fcl\u00fcklerini ifa etmesi amac\u0131yla ki\u015fisel veriler, \u0130\u015f Kanunu, \u0130\u015f\u00e7i Sa\u011fl\u0131\u011f\u0131 ve \u0130\u015f G\u00fcvenli\u011fi Kanunu, Sosyal Sigortalar ve Genel Sa\u011fl\u0131k Sigortas\u0131 Kanunu, \u0130nternet Ortam\u0131nda Yap\u0131lan Yay\u0131nlar\u0131n D\u00fczenlenmesi ve Bu Yay\u0131nlar Yoluyla \u0130\u015flenen Su\u00e7larla M\u00fccadele Edilmesi Hakk\u0131nda Kanun, T\u00fcrk Ticaret Kanunu, 6698 Say\u0131l\u0131 Ki\u015fisel Verilerin Korunmas\u0131 Kanunu, Kimlik Bildirme Kanunu ve fakat bununla s\u0131n\u0131rl\u0131 olmamak \u00fczere sair mevzuat h\u00fck\u00fcmleri izin verdi\u011fi ve gerektirdi\u011fi \u00f6l\u00e7\u00fcde ilgili kurum veya kurulu\u015flar; Ki\u015fisel Verileri Koruma Kurumu, Maliye Bakanl\u0131\u011f\u0131, G\u00fcmr\u00fck ve Ticaret Bakanl\u0131\u011f\u0131, \u00c7al\u0131\u015fma ve Sosyal G\u00fcvenlik Bakanl\u0131\u011f\u0131, T\u00fcrkiye \u0130\u015f Kurumu (\u0130\u015f-Kur), Bilgi Teknolojileri ve \u0130leti\u015fim Kurumu gibi kamu t\u00fczel ki\u015fileri ile payla\u015f\u0131labilir.<\/p>\n<p><strong>7-<\/strong>\u00a0A\u00e7\u0131klanan ama\u00e7lar kapsam\u0131nda i\u015flenen ki\u015fisel verileriniz; KVKK\u2019da \u00f6ng\u00f6r\u00fclen temel ilkelere uygun olarak ve KVKK\u2019n\u0131n 8. ve 9. maddelerinde belirtilen ki\u015fisel veri i\u015fleme \u015fartlar\u0131 ve ama\u00e7lar\u0131 d\u00e2hilinde, yukar\u0131da say\u0131lan s\u00fcre\u00e7lerin ger\u00e7ekle\u015ftirilebilmesi amac\u0131yla; i\u015f ortaklar\u0131m\u0131za, hissedarlar\u0131m\u0131za, yetkili kamu kurum ve kurulu\u015flar\u0131na, \u00f6zel ki\u015filere, \u00fcyesi oldu\u011funuz i\u015f\u00e7i sendikalar\u0131na, faaliyetlerimizi y\u00fcr\u00fctebilmek amac\u0131yla, bulabilece\u011finiz destek hizmeti al\u0131nan firmalara ve hukuki zorunluluklar ve yasal s\u0131n\u0131rlamalar \u00e7er\u00e7evesinde ba\u011f\u0131ms\u0131z denetim \u015firketlerine aktar\u0131labilecektir.<\/p>\n<p><strong>8-<\/strong>\u00a0KVKK\u2019n\u0131n 11. Maddesi Gere\u011fi siz de\u011ferli \u00e7al\u0131\u015fanlar\u0131m\u0131z, haklar\u0131n\u0131za ili\u015fkin taleplerinizi \u015firketimize iletebilirsiniz. \u015eirket, talebin niteli\u011fine g\u00f6re, talebi en k\u0131sa s\u00fcrede ve en ge\u00e7 otuz (30)g\u00fcn i\u00e7inde \u00fccretsiz olarak sonu\u00e7land\u0131racakt\u0131r. Ancak, i\u015flemin ayr\u0131ca bir maliyeti gerektirmesi halinde, taraf\u0131m\u0131zca Kurul taraf\u0131ndan belirlenen tarifedeki \u00fccret al\u0131nacakt\u0131r. \u015eirketimiz, ki\u015fisel veri sahibinin ba\u015fvuru talebini kabul edebilece\u011fi gibi, gerek\u00e7esini a\u00e7\u0131klayarak a\u015fa\u011f\u0131da say\u0131l\u0131 nedenlerle reddedebilir ve cevab\u0131n\u0131 ilgili ki\u015fiye yaz\u0131l\u0131 olarak veya elektronik ortamda bildirebilir.<\/p>\n<p>-Di\u011fer ki\u015filerin hak ve \u00f6zg\u00fcrl\u00fcklerini engellemesi,<\/p>\n<p>-Orant\u0131s\u0131z \u00e7aba gerektirmesi,<\/p>\n<p>-Bilginin kamuya a\u00e7\u0131k bir bilgi olmas\u0131,<\/p>\n<p>-Ba\u015fkalar\u0131n\u0131n gizlili\u011fini tehlikeye atmas\u0131,<\/p>\n<p>KVK Kanunu uyar\u0131nca kapsam d\u0131\u015f\u0131nda kalan hallerden birinin mevcut olmas\u0131, Ki\u015fisel veri sahibi ba\u015fvurusunun reddedilmesi, verilen cevab\u0131 yetersiz bulmas\u0131 veya s\u00fcresinde ba\u015fvurusuna cevap verilmemesi hallerinde, veri sorumlusunun cevab\u0131n\u0131 \u00f6\u011frendi\u011fi tarihten itibaren otuz ve her halde ba\u015fvuru tarihinden itibaren altm\u0131\u015f g\u00fcn i\u00e7inde KVK Kurulu\u2019na \u015fikayette bulunma hakk\u0131na sahiptir<\/p>\n<p><strong>9-<\/strong>\u00a0KVKK\u2019n\u0131n 11. maddesi uyar\u0131nca sahip oldu\u011funuz haklar a\u015fa\u011f\u0131daki gibidir:<\/p>\n<ul>\n<li>Ki\u015fisel veri i\u015flenip i\u015flenmedi\u011fini \u00f6\u011frenme,<\/li>\n<li>Ki\u015fisel verileri i\u015flenmi\u015fse buna ili\u015fkin bilgi talep etme,<\/li>\n<li>Ki\u015fisel verilerin i\u015flenme amac\u0131n\u0131 ve bunlar\u0131n amac\u0131na uygun kullan\u0131l\u0131p kullan\u0131lmad\u0131\u011f\u0131n\u0131 \u00f6\u011frenme,<\/li>\n<li>Yurt i\u00e7inde veya yurt d\u0131\u015f\u0131nda ki\u015fisel verilerin aktar\u0131ld\u0131\u011f\u0131 \u00fc\u00e7\u00fcnc\u00fc ki\u015fileri bilme,<\/li>\n<li>Ki\u015fisel verilerin eksik veya yanl\u0131\u015f i\u015flenmi\u015f olmas\u0131 h\u00e2linde bunlar\u0131n d\u00fczeltilmesini isteme,<\/li>\n<li>7. maddede \u00f6ng\u00f6r\u00fclen \u015fartlar \u00e7er\u00e7evesinde ki\u015fisel verilerin silinmesini veya yok edilmesini isteme,<\/li>\n<li>(d) ve (e) bentleri uyar\u0131nca yap\u0131lan i\u015flemlerin, ki\u015fisel verilerin aktar\u0131ld\u0131\u011f\u0131 \u00fc\u00e7\u00fcnc\u00fc ki\u015filere bildirilmesini isteme,<\/li>\n<li>\u0130\u015flenen verilerin m\u00fcnhas\u0131ran otomatik sistemler vas\u0131tas\u0131yla analiz edilmesi suretiyle ki\u015finin kendisi aleyhine bir sonucun ortaya \u00e7\u0131kmas\u0131na itiraz etme,<\/li>\n<li>Ki\u015fisel verilerin kanuna ayk\u0131r\u0131 olarak i\u015flenmesi sebebiyle zarara u\u011framas\u0131 h\u00e2linde zarar\u0131n<\/li>\n<li>giderilmesini talep etme<\/li>\n<\/ul>\n<p><strong>10-\u00a0<\/strong>Toplad\u0131\u011f\u0131m\u0131z ki\u015fisel verilerinizin do\u011fru ve gerekti\u011finde g\u00fcncel olmas\u0131 gerekmektedir. Bu nedenle, ki\u015fisel verilerinizde herhangi bir de\u011fi\u015fiklik meydana gelmesi halinde, bu hususu \u015firketimizin ilgili birimine bildirebilirsiniz.<\/p>\n<p><strong>11-<\/strong>\u00a0Kanun kapsam\u0131nda ki\u015fisel verilerin saklanmas\u0131 i\u00e7in herhangi bir s\u00fcre belirlenmemi\u015f olmakla birlikte, genel ilkeler uyar\u0131nca ki\u015fisel verilerin ilgili mevzuatta \u00f6ng\u00f6r\u00fclen veya i\u015flendikleri ama\u00e7 i\u00e7in gerekli olan s\u00fcre kadar muhafaza edilmesi esast\u0131r. Veri Sorumlusu \u015eirket, s\u00f6z konusu ilkeye uygun bir \u015fekilde saklama s\u00fcreleri tespit etmek ad\u0131na, her bir veri i\u015fleme s\u00fcreci ile ilgili olarak y\u00fcr\u00fcrl\u00fckte bulunan mevzuat\u0131 ve s\u00fcrecin amac\u0131n\u0131 esas alarak bir de\u011ferlendirme yapmaktad\u0131r. Bu do\u011frultuda asgari olarak yasal y\u00fck\u00fcml\u00fcl\u00fcklerinin gerektirdi\u011fi s\u00fcre ile ve ilgili Kanuna konu zamana\u015f\u0131m\u0131 s\u00fcreleri dolana kadar ki\u015fisel verileri saklanmaktad\u0131r.<\/p>\n<p>Ki\u015fisel veriler, Veri Sorumlusu ile aran\u0131zda do\u011fabilecek herhangi bir uyu\u015fmazl\u0131k durumunda, uyu\u015fmazl\u0131k kapsam\u0131nda gerekli savunmalar\u0131n ger\u00e7ekle\u015ftirilebilmesi amac\u0131yla olmak \u00fczere saklanabilecektir. Bahsi ge\u00e7en s\u00fcrelerin sona ermesi durumu da dahil olmak \u00fczere herhangi bir s\u00fcre\u00e7 kapsam\u0131nda ilgili ki\u015fisel verinin i\u015fleme amac\u0131n\u0131n ortadan kalkmas\u0131 ile birlikte ki\u015fisel veriler Kanuna uygun bir \u015fekilde anonimle\u015ftirilmekte, silinmekte veya yok edilmektedir<\/p>\n<p><strong>12-<\/strong>\u00a0KVK Kanunu\u2019nun 13\u00fcnc\u00fc maddesinin 1inci f\u0131kras\u0131 gere\u011fince yukar\u0131da belirtilen haklar\u0131n\u0131z\u0131 kullanmakla ilgili talebinizi, \u201cyaz\u0131l\u0131\u201d veya Ki\u015fisel Verilerin Korunmas\u0131 Kurulunun belirledi\u011fi di\u011fer y\u00f6ntemlerle \u015eirketimize iletmeniz gerekmektedir.<\/p>\n<p>Bu \u00e7er\u00e7evede \u015eirketimize KVK Kanunu\u2019nun 11\u2019inci maddesi kapsam\u0131nda yapaca\u011f\u0131n\u0131z ba\u015fvurularda, yukar\u0131da belirtilen haklar\u0131n\u0131z\u0131 kullanmak i\u00e7in kimli\u011finizi tespit edici gerekli bilgiler ve kullanmak istedi\u011finiz hakk\u0131n\u0131za y\u00f6nelik a\u00e7\u0131klamalar\u0131n\u0131zla birlikte talebinizi, KVK Kanunu\u2019nun 11\u2019inci maddesinde belirtilen hangi hakk\u0131n\u0131z\u0131n kullan\u0131m\u0131na ili\u015fkin oldu\u011funu da belirterek a\u015fa\u011f\u0131daki adrese iadeli taahh\u00fctl\u00fc mektup yoluyla iletebilirsiniz:<\/p>\n<p>ADRES: B\u0130LPLAS SAVUNMA L\u0130M\u0130TED \u015e\u0130RKET\u0130 RESM\u0130 ADRES\u0130<\/p>\n<p>Ki\u015fisel veri sahipleri ad\u0131na \u00fc\u00e7\u00fcnc\u00fc ki\u015filer taraf\u0131ndan talepte bulunulmas\u0131 m\u00fcmk\u00fcn de\u011fildir. Ki\u015fisel veri sahibinin kendisi d\u0131\u015f\u0131nda bir ki\u015finin talepte bulunmas\u0131 i\u00e7in konuya ili\u015fkin olarak ki\u015fisel veri sahibi taraf\u0131ndan ba\u015fvuruda bulunacak ki\u015fi ad\u0131na d\u00fczenlenmi\u015f \u00f6zel vek\u00e2letname bulunmal\u0131d\u0131r.<\/p>\n<p><strong>13-<\/strong>\u00a0Toplad\u0131\u011f\u0131m\u0131z ki\u015fisel verilerinizin do\u011fru ve gerekti\u011finde g\u00fcncel olmas\u0131 gerekmektedir. Bu nedenle, ki\u015fisel verilerinizde herhangi bir de\u011fi\u015fiklik meydana gelmesi halinde, bu hususu \u015eirketimizin ilgili birimine bildirebilirsiniz.<\/p>\n<p><strong>14-<\/strong>\u00a0\u0130\u015fbu Ayd\u0131nlatma ve R\u0131za Metni, de\u011fi\u015fen \u015fartlara ve mevzuata uyum sa\u011flamak amac\u0131yla zaman zaman g\u00fcncellenebilecektir.<\/p>\n<p>Gerekli a\u00e7\u0131klamalara ve ilgili forma\u00a0<a href=\"https:\/\/www.bilplas.com\/wp-content\/uploads\/2022\/12\/BILPLAS-KVK-Basvuru-ve-Bilgi-Talep-Formu.docx\">KVK Ba\u015fvuru ve Bilgi Talep Formu<\/a>ndan eri\u015febilirsiniz.<\/p>\n<p>&nbsp;<\/p>\n<\/div>\n\t\t<\/div><\/div><\/div><\/div>","protected":false},"excerpt":{"rendered":"<p>&nbsp; 1-\u00a06698 say\u0131l\u0131 Ki\u015fisel Verilerin Korunmas\u0131 Hakk\u0131nda Kanun (\u201cKVKK\u201d) uyar\u0131nca, Bilplas Savunma Limited \u015eirketi (\u201c\u015eirket\u201d) olarak, veri sorumlusu s\u0131fat\u0131yla, siz \u00e7al\u0131\u015fanlar\u0131m\u0131z\u0131n ki\u015fisel verilerini, a\u015fa\u011f\u0131da belirtilen ama\u00e7lar kapsam\u0131nda; hukuka ve d\u00fcr\u00fcstl\u00fck kurallar\u0131na uygun bir \u015fekilde i\u015fleyebilecek, kaydedebilecek, saklayabilecek, s\u0131n\u0131fland\u0131rabilecek, g\u00fcncelleyebilecek ve mevzuat\u0131n izin verdi\u011fi hallerde, i\u015flendikleri ama\u00e7la s\u0131n\u0131rl\u0131 olarak 3. ki\u015filere aktarabilece\u011fiz. \u0130\u015fbu bilgilendirme, \u015eirketin Kanun [&hellip;]<\/p>","protected":false},"author":1,"featured_media":0,"parent":0,"menu_order":0,"comment_status":"closed","ping_status":"closed","template":"","meta":[],"_links":{"self":[{"href":"https:\/\/www.bilplas.com\/en\/wp-json\/wp\/v2\/pages\/3721"}],"collection":[{"href":"https:\/\/www.bilplas.com\/en\/wp-json\/wp\/v2\/pages"}],"about":[{"href":"https:\/\/www.bilplas.com\/en\/wp-json\/wp\/v2\/types\/page"}],"author":[{"embeddable":true,"href":"https:\/\/www.bilplas.com\/en\/wp-json\/wp\/v2\/users\/1"}],"replies":[{"embeddable":true,"href":"https:\/\/www.bilplas.com\/en\/wp-json\/wp\/v2\/comments?post=3721"}],"version-history":[{"count":3,"href":"https:\/\/www.bilplas.com\/en\/wp-json\/wp\/v2\/pages\/3721\/revisions"}],"predecessor-version":[{"id":3748,"href":"https:\/\/www.bilplas.com\/en\/wp-json\/wp\/v2\/pages\/3721\/revisions\/3748"}],"wp:attachment":[{"href":"https:\/\/www.bilplas.com\/en\/wp-json\/wp\/v2\/media?parent=3721"}],"curies":[{"name":"wp","href":"https:\/\/api.w.org\/{rel}","templated":true}]}}