{"id":58,"date":"2019-07-12T14:29:10","date_gmt":"2019-07-12T14:29:10","guid":{"rendered":"http:\/\/www.bilplas.com\/?page_id=58"},"modified":"2022-06-28T12:40:26","modified_gmt":"2022-06-28T12:40:26","slug":"plastik-enjeksiyon","status":"publish","type":"page","link":"https:\/\/www.bilplas.com\/en\/plastik-enjeksiyon","title":{"rendered":"PLASTIC INJECTION"},"content":{"rendered":"<div data-colibri-id=\"58-c1\" class=\"style-1985 style-local-58-c1 position-relative\">\n  <!---->\n  <div data-colibri-component=\"section\" data-colibri-id=\"58-c2\" id=\"custom\" class=\"h-section h-section-global-spacing d-flex align-items-lg-center align-items-md-center align-items-center style-2505 style-local-58-c2 position-relative\">\n    <!---->\n    <!---->\n    <div class=\"h-section-grid-container h-section-boxed-container\">\n      <!---->\n      <div data-colibri-id=\"58-c3\" class=\"h-row-container gutters-row-lg-2 gutters-row-md-2 gutters-row-0 gutters-row-v-lg-2 gutters-row-v-md-2 gutters-row-v-2 style-2506 style-local-58-c3 position-relative\">\n        <!---->\n        <div class=\"h-row justify-content-lg-center justify-content-md-center justify-content-center align-items-lg-stretch align-items-md-stretch align-items-stretch gutters-col-lg-2 gutters-col-md-2 gutters-col-0 gutters-col-v-lg-2 gutters-col-v-md-2 gutters-col-v-2\">\n          <!---->\n          <div class=\"h-column h-column-container d-flex h-col-lg-auto h-col-md-auto h-col-auto style-2507-outer style-local-58-c4-outer\">\n            <div data-colibri-id=\"58-c4\" class=\"d-flex h-flex-basis h-column__inner h-px-lg-2 h-px-md-2 h-px-2 v-inner-lg-2 v-inner-md-2 v-inner-2 style-2507 style-local-58-c4 position-relative\">\n              <!---->\n              <!---->\n              <div class=\"w-100 h-y-container h-column__content h-column__v-align flex-basis-100 align-self-lg-start align-self-md-start align-self-start\">\n                <!---->\n                <div data-colibri-id=\"58-c5\" class=\"h-text h-text-component style-2508 style-local-58-c5 position-relative h-element\">\n                  <!---->\n                  <!---->\n                  <div class=\"\">\n                    <p>\n                      <br><span style=\"color: rgb(0, 0, 0);\">Plastic injection is a manufacturing method that involves shaping the plastic raw material melted with the aid of temperature by injecting it into a mold and removing it from the mold by cooling. Small components can be produced with this method.<\/span><\/p>\n                    <p>&nbsp;<\/p>\n                    <p><span style=\"color: rgb(0, 0, 0);\">With 2 horizontal and 1 vertical injection within our company, we produce in military standards in sizes \/ colors, especially ULTEM, PEEK, ABS.<\/span><\/p>\n                    <p><span style=\"color: rgb(0, 0, 0);\">&nbsp;<\/span><\/p>\n                    <p><span style=\"color: rgb(0, 0, 0);\">To summarize our production stages simply,<\/span><\/p>\n                    <p>\n                      <br>\n                    <\/p>\n                    <p><span style=\"font-weight: 600; color: rgb(0, 0, 0);\">1- Mold closing; <\/span><span style=\"color: rgb(0, 0, 0);\">It is the unit that combines the two sides (female and male) of the injection mold.<\/span><\/p>\n                  <\/div>\n                <\/div>\n              <\/div>\n            <\/div>\n          <\/div>\n        <\/div>\n      <\/div>\n      <div data-colibri-id=\"58-c6\" class=\"h-row-container gutters-row-lg-2 gutters-row-md-2 gutters-row-0 gutters-row-v-lg-2 gutters-row-v-md-2 gutters-row-v-2 style-2509 style-local-58-c6 position-relative\">\n        <!---->\n        <div class=\"h-row justify-content-lg-center justify-content-md-center justify-content-center align-items-lg-stretch align-items-md-stretch align-items-stretch gutters-col-lg-2 gutters-col-md-2 gutters-col-0 gutters-col-v-lg-2 gutters-col-v-md-2 gutters-col-v-2\">\n          <!---->\n          <div class=\"h-column h-column-container d-flex h-col-lg-auto h-col-md-auto h-col-auto style-2510-outer style-local-58-c7-outer\">\n            <div data-colibri-id=\"58-c7\" class=\"d-flex h-flex-basis h-column__inner h-px-lg-2 h-px-md-2 h-px-2 v-inner-lg-2 v-inner-md-2 v-inner-2 style-2510 style-local-58-c7 position-relative\">\n              <!---->\n              <!---->\n              <div class=\"w-100 h-y-container h-column__content h-column__v-align flex-basis-100 align-self-lg-start align-self-md-start align-self-start\">\n                <!---->\n                <div data-colibri-id=\"58-c8\" class=\"d-block style-2511 style-local-58-c8 position-relative h-element\">\n                  <!---->\n                  <div class=\"h-image__frame-container-outer\">\n                    <div class=\"h-image__frame-container\">\n                      <!---->\n                      <!---->\n                      <img loading=\"lazy\" width=\"1299\" height=\"498\" src=\"https:\/\/www.bilplas.com\/wp-content\/uploads\/2021\/04\/Resim2-3.jpg\" class=\"wp-image-3324 style-2511-image style-local-58-c8-image\" srcset=\"https:\/\/www.bilplas.com\/wp-content\/uploads\/2021\/04\/Resim2-3.jpg 1299w, https:\/\/www.bilplas.com\/wp-content\/uploads\/2021\/04\/Resim2-3-300x115.jpg 300w, https:\/\/www.bilplas.com\/wp-content\/uploads\/2021\/04\/Resim2-3-1024x393.jpg 1024w, https:\/\/www.bilplas.com\/wp-content\/uploads\/2021\/04\/Resim2-3-768x294.jpg 768w\" sizes=\"(max-width: 1299px) 100vw, 1299px\" alt=\"\" \/>\n                      <div class=\"h-image__frame h-hide-lg h-hide-md h-hide-sm style-2511-frameImage style-local-58-c8-frameImage\"><\/div>\n                    <\/div>\n                  <\/div>\n                <\/div>\n              <\/div>\n            <\/div>\n          <\/div>\n        <\/div>\n      <\/div>\n      <div data-colibri-id=\"58-c9\" class=\"h-row-container gutters-row-lg-2 gutters-row-md-2 gutters-row-0 gutters-row-v-lg-2 gutters-row-v-md-2 gutters-row-v-2 style-2512 style-local-58-c9 position-relative\">\n        <!---->\n        <div class=\"h-row justify-content-lg-center justify-content-md-center justify-content-center align-items-lg-stretch align-items-md-stretch align-items-stretch gutters-col-lg-2 gutters-col-md-2 gutters-col-0 gutters-col-v-lg-2 gutters-col-v-md-2 gutters-col-v-2\">\n          <!---->\n          <div class=\"h-column h-column-container d-flex h-col-lg-auto h-col-md-auto h-col-auto style-2513-outer style-local-58-c10-outer\">\n            <div data-colibri-id=\"58-c10\" class=\"d-flex h-flex-basis h-column__inner h-px-lg-2 h-px-md-2 h-px-2 v-inner-lg-2 v-inner-md-2 v-inner-2 style-2513 style-local-58-c10 position-relative\">\n              <!---->\n              <!---->\n              <div class=\"w-100 h-y-container h-column__content h-column__v-align flex-basis-100 align-self-lg-start align-self-md-start align-self-start\">\n                <!---->\n                <div data-colibri-id=\"58-c11\" class=\"h-text h-text-component style-2514 style-local-58-c11 position-relative h-element\">\n                  <!---->\n                  <!---->\n                  <div class=\"\">\n                    <p><span style=\"font-weight: 600; color: rgb(0, 0, 0);\"><\/span><\/p>\n                    <p><span style=\"font-weight: 600; color: rgb(0, 0, 0);\">2- Using Raw Material (Melting);<\/span>&nbsp;<span style=\"color: rgb(0, 0, 0);\">The heaters at the top of the bucket heat the barrel, screw and raw material. As the screw is rotating, the raw material is squeezed between the pitches, rubbing and also generating heat. The raw material in the form of powder, granule, flexible melt, high viscosity melt or semi-hard paste that is walking on the rotating screw gradually melts and passes through the rocket group at the end of the screw and begins to accumulate in front of the screw.<\/span><\/p>\n                  <\/div>\n                <\/div>\n              <\/div>\n            <\/div>\n          <\/div>\n        <\/div>\n      <\/div>\n      <div data-colibri-id=\"58-c12\" class=\"h-row-container gutters-row-lg-2 gutters-row-md-2 gutters-row-0 gutters-row-v-lg-2 gutters-row-v-md-2 gutters-row-v-2 style-2515 style-local-58-c12 position-relative\">\n        <!---->\n        <div class=\"h-row justify-content-lg-center justify-content-md-center justify-content-center align-items-lg-stretch align-items-md-stretch align-items-stretch gutters-col-lg-2 gutters-col-md-2 gutters-col-0 gutters-col-v-lg-2 gutters-col-v-md-2 gutters-col-v-2\">\n          <!---->\n          <div class=\"h-column h-column-container d-flex h-col-lg-auto h-col-md-auto h-col-auto style-2516-outer style-local-58-c13-outer\">\n            <div data-colibri-id=\"58-c13\" class=\"d-flex h-flex-basis h-column__inner h-px-lg-2 h-px-md-2 h-px-2 v-inner-lg-2 v-inner-md-2 v-inner-2 style-2516 style-local-58-c13 position-relative\">\n              <!---->\n              <!---->\n              <div class=\"w-100 h-y-container h-column__content h-column__v-align flex-basis-100 align-self-lg-start align-self-md-start align-self-start\">\n                <!---->\n                <div data-colibri-id=\"58-c14\" class=\"d-block style-2517 style-local-58-c14 position-relative h-element\">\n                  <!---->\n                  <div class=\"h-image__frame-container-outer\">\n                    <div class=\"h-image__frame-container\">\n                      <!---->\n                      <!---->\n                      <img loading=\"lazy\" width=\"1310\" height=\"506\" src=\"https:\/\/www.bilplas.com\/wp-content\/uploads\/2021\/04\/Resim3-2.jpg\" class=\"wp-image-3325 style-2517-image style-local-58-c14-image\" srcset=\"https:\/\/www.bilplas.com\/wp-content\/uploads\/2021\/04\/Resim3-2.jpg 1310w, https:\/\/www.bilplas.com\/wp-content\/uploads\/2021\/04\/Resim3-2-300x116.jpg 300w, https:\/\/www.bilplas.com\/wp-content\/uploads\/2021\/04\/Resim3-2-1024x396.jpg 1024w, https:\/\/www.bilplas.com\/wp-content\/uploads\/2021\/04\/Resim3-2-768x297.jpg 768w\" sizes=\"(max-width: 1310px) 100vw, 1310px\" alt=\"\" \/>\n                      <div class=\"h-image__frame h-hide-lg h-hide-md h-hide-sm style-2517-frameImage style-local-58-c14-frameImage\"><\/div>\n                    <\/div>\n                  <\/div>\n                <\/div>\n                <div data-colibri-id=\"58-c15\" class=\"h-text h-text-component style-2518 style-local-58-c15 position-relative h-element\">\n                  <!---->\n                  <!---->\n                  <div class=\"\">\n                    <p>\n                      <br>\n                    <\/p>\n                    <p>\n                      <br>\n                    <\/p>\n                    <p><span style=\"font-weight: 600; color: rgb(0, 0, 0);\">3- Injection;<\/span><span style=\"color: rgb(0, 0, 0);\"> It is the stage where the raw material accumulated in front of the screw is injected into the combined mold. Pressure is provided with a certain pressure and the raw material is sent to the mold.<\/span><\/p>\n                    <p>\n                      <br>\n                    <\/p>\n                    <p>\n                      <br>\n                    <\/p>\n                    <p><span style=\"font-weight: 600; color: rgb(0, 0, 0);\">4- Taking product with the propellant;<\/span> <span style=\"color: rgb(0, 0, 0);\">It is the removal of the injected product from the mold with the help of a propellant. If deemed necessary, cooling can be added to this stage.<\/span><\/p>\n                    <p>\n                      <br>\n                    <\/p>\n                  <\/div>\n                <\/div>\n              <\/div>\n            <\/div>\n          <\/div>\n        <\/div>\n      <\/div>\n      <div data-colibri-id=\"58-c16\" class=\"h-row-container gutters-row-lg-2 gutters-row-md-2 gutters-row-0 gutters-row-v-lg-2 gutters-row-v-md-2 gutters-row-v-2 style-2519 style-local-58-c16 position-relative\">\n        <!---->\n        <div class=\"h-row justify-content-lg-center justify-content-md-center justify-content-center align-items-lg-stretch align-items-md-stretch align-items-stretch gutters-col-lg-2 gutters-col-md-2 gutters-col-0 gutters-col-v-lg-2 gutters-col-v-md-2 gutters-col-v-2\">\n          <!---->\n          <div class=\"h-column h-column-container d-flex h-col-lg-auto h-col-md-auto h-col-auto style-2520-outer style-local-58-c17-outer\">\n            <div data-colibri-id=\"58-c17\" class=\"d-flex h-flex-basis h-column__inner h-px-lg-2 h-px-md-2 h-px-2 v-inner-lg-2 v-inner-md-2 v-inner-2 style-2520 style-local-58-c17 position-relative\">\n              <!---->\n              <!---->\n              <div class=\"w-100 h-y-container h-column__content h-column__v-align flex-basis-100 align-self-lg-start align-self-md-start align-self-start\">\n                <!---->\n                <div data-colibri-id=\"58-c18\" class=\"d-block style-2521 style-local-58-c18 position-relative h-element\">\n                  <!---->\n                  <div class=\"h-image__frame-container-outer\">\n                    <div class=\"h-image__frame-container\">\n                      <!---->\n                      <!---->\n                      <img loading=\"lazy\" width=\"874\" height=\"336\" src=\"https:\/\/www.bilplas.com\/wp-content\/uploads\/2021\/04\/Resim5-3.jpg\" class=\"wp-image-3326 style-2521-image style-local-58-c18-image\" srcset=\"https:\/\/www.bilplas.com\/wp-content\/uploads\/2021\/04\/Resim5-3.jpg 874w, https:\/\/www.bilplas.com\/wp-content\/uploads\/2021\/04\/Resim5-3-300x115.jpg 300w, https:\/\/www.bilplas.com\/wp-content\/uploads\/2021\/04\/Resim5-3-768x295.jpg 768w\" sizes=\"(max-width: 874px) 100vw, 874px\" alt=\"\" \/>\n                      <div class=\"h-image__frame h-hide-lg h-hide-md h-hide-sm style-2521-frameImage style-local-58-c18-frameImage\"><\/div>\n                    <\/div>\n                  <\/div>\n                <\/div>\n              <\/div>\n            <\/div>\n          <\/div>\n        <\/div>\n      <\/div>\n      <div data-colibri-id=\"58-c19\" class=\"h-row-container gutters-row-lg-2 gutters-row-md-2 gutters-row-0 gutters-row-v-lg-2 gutters-row-v-md-2 gutters-row-v-2 style-2522 style-local-58-c19 position-relative\">\n        <!---->\n        <div class=\"h-row justify-content-lg-center justify-content-md-center justify-content-center align-items-lg-stretch align-items-md-stretch align-items-stretch gutters-col-lg-2 gutters-col-md-2 gutters-col-0 gutters-col-v-lg-2 gutters-col-v-md-2 gutters-col-v-2\">\n          <!---->\n          <div class=\"h-column h-column-container d-flex h-col-lg-auto h-col-md-auto h-col-auto style-2523-outer style-local-58-c20-outer\">\n            <div data-colibri-id=\"58-c20\" class=\"d-flex h-flex-basis h-column__inner h-px-lg-2 h-px-md-2 h-px-2 v-inner-lg-2 v-inner-md-2 v-inner-2 style-2523 style-local-58-c20 position-relative\">\n              <!---->\n              <!---->\n              <div class=\"w-100 h-y-container h-column__content h-column__v-align flex-basis-100 align-self-lg-start align-self-md-start align-self-start\">\n                <!---->\n                <div data-colibri-id=\"58-c21\" class=\"h-text h-text-component style-2524 style-local-58-c21 position-relative h-element\">\n                  <!---->\n                  <!---->\n                  <div class=\"\">\n                    <p>\n                      <br>\n                    <\/p>\n                    <p>&nbsp;<span style=\"font-weight: 600; color: rgb(0, 0, 0);\">5-<\/span> <span style=\"color: rgb(0, 0, 0);\">This stage is <\/span><span style=\"color: rgb(6, 18, 122); font-weight: 600;\">B\u0130LPLAS SAVUNMA<\/span><span style=\"color: rgb(0, 0, 0);\">\u2019n\u0131n fark\u0131n\u0131 \u00f6ne \u00e7\u0131karan a\u015famad\u0131r, \u00dcretilen malzemelerin polisaj i\u015flemi uzman kadro ile ger\u00e7ekle\u015ftirilir. Kalite kontrolden ge\u00e7irildikten sonra paketlenir.<\/span><\/p>\n                  <\/div>\n                <\/div>\n              <\/div>\n            <\/div>\n          <\/div>\n        <\/div>\n      <\/div>\n    <\/div>\n  <\/div>\n<\/div>","protected":false},"excerpt":{"rendered":"<p>Plastik enjeksiyon, s\u0131cakl\u0131k yard\u0131m\u0131 ile eritilmi\u015f plastik hammaddenin bir kal\u0131p i\u00e7ine enjekte edilerek \u015fekillendirilmesi ve so\u011futularak kal\u0131ptan \u00e7\u0131kar\u0131lmas\u0131n\u0131 i\u00e7eren bir imalat y\u00f6ntemidir. Bu metot ile k\u00fc\u00e7\u00fck komponentler \u00fcretilebilir. &nbsp; Firmam\u0131z b\u00fcnyesinde bulunan 2 adet yatay ve 1 adet dikey enjeksiyon ile askeri standartlarda istenilen, ULTEM, PEEK, ABS ba\u015fta olmak \u00fczere boyutlarda\/ renklerde \u00fcretim yapmaktay\u0131z. &nbsp; [&hellip;]<\/p>","protected":false},"author":1,"featured_media":0,"parent":0,"menu_order":0,"comment_status":"closed","ping_status":"closed","template":"page-templates\/full-width-page.php","meta":[],"_links":{"self":[{"href":"https:\/\/www.bilplas.com\/en\/wp-json\/wp\/v2\/pages\/58"}],"collection":[{"href":"https:\/\/www.bilplas.com\/en\/wp-json\/wp\/v2\/pages"}],"about":[{"href":"https:\/\/www.bilplas.com\/en\/wp-json\/wp\/v2\/types\/page"}],"author":[{"embeddable":true,"href":"https:\/\/www.bilplas.com\/en\/wp-json\/wp\/v2\/users\/1"}],"replies":[{"embeddable":true,"href":"https:\/\/www.bilplas.com\/en\/wp-json\/wp\/v2\/comments?post=58"}],"version-history":[{"count":16,"href":"https:\/\/www.bilplas.com\/en\/wp-json\/wp\/v2\/pages\/58\/revisions"}],"predecessor-version":[{"id":3620,"href":"https:\/\/www.bilplas.com\/en\/wp-json\/wp\/v2\/pages\/58\/revisions\/3620"}],"wp:attachment":[{"href":"https:\/\/www.bilplas.com\/en\/wp-json\/wp\/v2\/media?parent=58"}],"curies":[{"name":"wp","href":"https:\/\/api.w.org\/{rel}","templated":true}]}}