{"id":60,"date":"2019-07-12T14:30:00","date_gmt":"2019-07-12T14:30:00","guid":{"rendered":"http:\/\/www.bilplas.com\/?page_id=60"},"modified":"2021-04-08T08:03:07","modified_gmt":"2021-04-08T08:03:07","slug":"kaucuk-parca-uretimi","status":"publish","type":"page","link":"https:\/\/www.bilplas.com\/en\/kaucuk-parca-uretimi","title":{"rendered":"RUBBER PARTS PRODUCTION"},"content":{"rendered":"<div data-colibri-id=\"60-c1\" class=\"style-1865 style-local-60-c1 position-relative\">\n  <!---->\n  <div data-colibri-component=\"section\" data-colibri-id=\"60-c2\" id=\"about\" class=\"h-section h-section-global-spacing d-flex align-items-lg-start align-items-md-start align-items-start style-1871 style-local-60-c2 position-relative\">\n    <!---->\n    <!---->\n    <div class=\"h-section-grid-container h-section-boxed-container\">\n      <!---->\n      <div data-colibri-id=\"60-c3\" class=\"h-row-container gutters-row-lg-2 gutters-row-md-2 gutters-row-2 gutters-row-v-lg-2 gutters-row-v-md-2 gutters-row-v-2 style-1872 style-local-60-c3 position-relative\">\n        <!---->\n        <div class=\"h-row justify-content-lg-center justify-content-md-center justify-content-center align-items-lg-stretch align-items-md-stretch align-items-stretch gutters-col-lg-2 gutters-col-md-2 gutters-col-2 gutters-col-v-lg-2 gutters-col-v-md-2 gutters-col-v-2\">\n          <!---->\n          <div class=\"h-column h-column-container d-flex h-col-lg-auto h-col-md-auto h-col-auto style-1873-outer style-local-60-c4-outer\">\n            <div data-colibri-id=\"60-c4\" class=\"d-flex h-flex-basis h-column__inner h-px-lg-2 h-px-md-2 h-px-2 v-inner-lg-2 v-inner-md-2 v-inner-2 style-1873 style-local-60-c4 position-relative\">\n              <!---->\n              <!---->\n              <div class=\"w-100 h-y-container h-column__content h-column__v-align flex-basis-100 align-self-lg-center align-self-md-center align-self-center\">\n                <!---->\n                <div data-colibri-id=\"60-c6\" class=\"h-text h-text-component style-1876 style-local-60-c6 position-relative h-element\">\n                  <!---->\n                  <!---->\n                  <div class=\"\">\n                    <p><span style=\"color: rgb(106, 106, 106);\">We have been providing defense industry companies with sealing and rubber products in compliance with military standard for nearly 20 years.<\/span><\/p>\n                    <p><span style=\"color: rgb(106, 106, 106);\">We have 13 rubber pressure machines with different sizes and specifications and one vacuum rubber pressure machine. We produce rubber parts according to client specifications and military standards using Ethylene Propylene Diene Monomer (EPDM), Neoprene, Nitrile, Natural Rubber, Stirene Butadiene Rubber (SBR), VITON, Silicone and Fluoro Silicon raw materials.<\/span><\/p>\n                    <p><span style=\"color: rgb(106, 106, 106);\">Apart from our standard work, we successfully completed two research and development projects.<\/span><\/p>\n                    <p><span style=\"color: rgb(106, 106, 106);\">-\tCold Neoprene Rubber Coating (LSC 515\u2013SAE J19)<\/span><\/p>\n                    <p><span style=\"color: rgb(106, 106, 106);\">- Conductive Rubber EMI (MIL DTL 83528)<\/span><\/p>\n                    <p><span style=\"color: rgb(106, 106, 106);\">These two projects had been carried out jointly with universities and both projects had been certified by Scientific and Technological Research Council of Turkey (T\u00dcB\u0130TAK) and Technology Development Foundation of Turkey (TTGV).<\/span><\/p>\n                    <p><span style=\"color: rgb(106, 106, 106);\">Although we obtain our raw materials from our reliable certified suppliers we have been working with for years, all quality control tests are done once a year by  Small and Medium Enterprises Development Organization of Turkey (KOSGEB) or universities.<\/span><\/p>\n                    <p><span style=\"color: rgb(106, 106, 106);\">Press vulcanization takes place by pulling the unprocessed dough, cutting it in the required weight and size, placing it in the mold and then cooking it in the press.<\/span><\/p>\n                    <p><span style=\"color: rgb(106, 106, 106);\">We can also coat the metal with rubber according to the parts that our customers want.<\/span><\/p>\n                    <p><span style=\"color: rgb(106, 106, 106);\"><\/span><\/p>\n                    <p><span style=\"color: rgb(106, 106, 106);\">1- After calculating the ready-to-mold product, the desired raw material \/ shore is selected and mixed in the dough mixer until it is homogenized.<\/span><\/p>\n                    <p><span style=\"color: rgb(106, 106, 106);\">2- After the dough is cut in the required weight, it is placed in the heated mold.<\/span><\/p>\n                    <p><span style=\"color: rgb(106, 106, 106);\">3- It is cooked in the press according to the raw material characteristics at the appropriate pressure and temperature.<\/span><\/p>\n                    <p><span style=\"color: rgb(106, 106, 106);\">4- The baked product is carefully separated from the mold and this product is passed to our polishing unit after the first control by the personnel who performs the process.<\/span><\/p>\n                    <p><span style=\"color: rgb(106, 106, 106);\">5- Packed after polishing and quality control.<\/span><\/p>\n                    <p>\n                      <br>\n                    <\/p>\n                  <\/div>\n                <\/div>\n              <\/div>\n            <\/div>\n          <\/div>\n        <\/div>\n      <\/div>\n    <\/div>\n  <\/div>\n  <div data-colibri-component=\"section\" data-colibri-id=\"60-c11\" id=\"portfolio\" class=\"h-section h-section-global-spacing d-flex align-items-lg-center align-items-md-center align-items-center style-1967 style-local-60-c11 position-relative\">\n    <!---->\n    <!---->\n    <div class=\"h-section-grid-container h-section-boxed-container\">\n      <!---->\n      <div data-colibri-id=\"60-c21\" class=\"h-row-container gutters-row-lg-2 gutters-row-md-2 gutters-row-0 gutters-row-v-lg-2 gutters-row-v-md-2 gutters-row-v-2 style-2539 style-local-60-c21 position-relative\">\n        <!---->\n        <div class=\"h-row justify-content-lg-center justify-content-md-center justify-content-center align-items-lg-stretch align-items-md-stretch align-items-stretch gutters-col-lg-2 gutters-col-md-2 gutters-col-0 gutters-col-v-lg-2 gutters-col-v-md-2 gutters-col-v-2\">\n          <!---->\n          <div class=\"h-column h-column-container d-flex h-col-lg-auto h-col-md-auto h-col-auto style-2540-outer style-local-60-c22-outer\">\n            <div data-colibri-id=\"60-c22\" class=\"d-flex h-flex-basis h-column__inner h-ui-empty-state-container h-px-lg-2 h-px-md-2 h-px-2 v-inner-lg-2 v-inner-md-2 v-inner-2 style-2540 style-local-60-c22 position-relative\">\n              <!---->\n              <!---->\n              <div class=\"w-100 h-y-container h-column__content h-column__v-align flex-basis-100\">\n                <!---->\n              <\/div>\n            <\/div>\n          <\/div>\n        <\/div>\n      <\/div>\n      <div data-colibri-id=\"60-c12\" class=\"h-row-container gutters-row-lg-2 gutters-row-md-2 gutters-row-2 gutters-row-v-lg-2 gutters-row-v-md-2 gutters-row-v-2 style-1968 style-local-60-c12 position-relative\">\n        <!---->\n        <div class=\"h-row justify-content-lg-center justify-content-md-center justify-content-center align-items-lg-stretch align-items-md-stretch align-items-stretch gutters-col-lg-2 gutters-col-md-2 gutters-col-2 gutters-col-v-lg-2 gutters-col-v-md-2 gutters-col-v-2\">\n          <!---->\n          <div class=\"h-column h-column-container d-flex h-col-lg-4 h-col-md-6 h-col-12 style-1969-outer style-local-60-c13-outer\">\n            <div data-colibri-id=\"60-c13\" class=\"d-flex h-flex-basis h-column__inner h-ui-empty-state-container h-px-lg-2 h-px-md-2 h-px-2 v-inner-lg-2 v-inner-md-2 v-inner-2 style-1969 style-local-60-c13 position-relative\">\n              <div class=\"background-wrapper\">\n                <div class=\"background-layer background-layer-media-container-lg\">\n                  <!---->\n                  <div class=\"overlay-layer\">\n                    <div class=\"overlay-image-layer\" style=\"background-color: rgb(0, 0, 0); opacity: 0.09;\"><\/div>\n                  <\/div>\n                <\/div>\n                <div class=\"background-layer background-layer-media-container-md\">\n                  <!---->\n                  <div class=\"overlay-layer\">\n                    <div class=\"overlay-image-layer\" style=\"background-color: rgb(0, 0, 0); opacity: 0.09;\"><\/div>\n                  <\/div>\n                <\/div>\n                <div class=\"background-layer background-layer-media-container\">\n                  <!---->\n                  <div class=\"overlay-layer\">\n                    <div class=\"overlay-image-layer\" style=\"background-color: rgb(0, 0, 0); opacity: 0.09;\"><\/div>\n                  <\/div>\n                <\/div>\n              <\/div>\n              <!---->\n              <div class=\"w-100 h-y-container h-column__content h-column__v-align flex-basis-100\">\n                <!---->\n              <\/div>\n            <\/div>\n          <\/div>\n          <div class=\"h-column h-column-container d-flex h-col-lg-4 h-col-md-6 h-col-12 style-1972-outer style-local-60-c14-outer\">\n            <div data-colibri-id=\"60-c14\" class=\"d-flex h-flex-basis h-column__inner h-ui-empty-state-container h-px-lg-2 h-px-md-2 h-px-2 v-inner-lg-2 v-inner-md-2 v-inner-2 style-1972 style-local-60-c14 position-relative\">\n              <div class=\"background-wrapper\">\n                <div class=\"background-layer background-layer-media-container-lg\">\n                  <!---->\n                  <div class=\"overlay-layer\">\n                    <div class=\"overlay-image-layer\" style=\"background-color: rgb(0, 0, 0); opacity: 0.09;\"><\/div>\n                  <\/div>\n                <\/div>\n                <div class=\"background-layer background-layer-media-container-md\">\n                  <!---->\n                  <div class=\"overlay-layer\">\n                    <div class=\"overlay-image-layer\" style=\"background-color: rgb(0, 0, 0); opacity: 0.09;\"><\/div>\n                  <\/div>\n                <\/div>\n                <div class=\"background-layer background-layer-media-container\">\n                  <!---->\n                  <div class=\"overlay-layer\">\n                    <div class=\"overlay-image-layer\" style=\"background-color: rgb(0, 0, 0); opacity: 0.09;\"><\/div>\n                  <\/div>\n                <\/div>\n              <\/div>\n              <!---->\n              <div class=\"w-100 h-y-container h-column__content h-column__v-align flex-basis-100\">\n                <!---->\n              <\/div>\n            <\/div>\n          <\/div>\n          <div class=\"h-column h-column-container d-flex h-col-lg-4 h-col-md-6 h-col-12 style-1973-outer style-local-60-c15-outer\">\n            <div data-colibri-id=\"60-c15\" class=\"d-flex h-flex-basis h-column__inner h-ui-empty-state-container h-px-lg-2 h-px-md-2 h-px-2 v-inner-lg-2 v-inner-md-2 v-inner-2 style-1973 style-local-60-c15 position-relative\">\n              <div class=\"background-wrapper\">\n                <div class=\"background-layer background-layer-media-container-lg\">\n                  <!---->\n                  <div class=\"overlay-layer\">\n                    <div class=\"overlay-image-layer\" style=\"background-color: rgb(0, 0, 0); opacity: 0.09;\"><\/div>\n                  <\/div>\n                <\/div>\n                <div class=\"background-layer background-layer-media-container-md\">\n                  <!---->\n                  <div class=\"overlay-layer\">\n                    <div class=\"overlay-image-layer\" style=\"background-color: rgb(0, 0, 0); opacity: 0.09;\"><\/div>\n                  <\/div>\n                <\/div>\n                <div class=\"background-layer background-layer-media-container\">\n                  <!---->\n                  <div class=\"overlay-layer\">\n                    <div class=\"overlay-image-layer\" style=\"background-color: rgb(0, 0, 0); opacity: 0.09;\"><\/div>\n                  <\/div>\n                <\/div>\n              <\/div>\n              <!---->\n              <div class=\"w-100 h-y-container h-column__content h-column__v-align flex-basis-100\">\n                <!---->\n              <\/div>\n            <\/div>\n          <\/div>\n        <\/div>\n      <\/div>\n      <div data-colibri-id=\"60-c16\" class=\"h-row-container gutters-row-lg-2 gutters-row-md-2 gutters-row-0 gutters-row-v-lg-2 gutters-row-v-md-2 gutters-row-v-2 style-1978 style-local-60-c16 position-relative\">\n        <!---->\n        <div class=\"h-row justify-content-lg-center justify-content-md-center justify-content-center align-items-lg-stretch align-items-md-stretch align-items-stretch gutters-col-lg-2 gutters-col-md-2 gutters-col-0 gutters-col-v-lg-2 gutters-col-v-md-2 gutters-col-v-2\">\n          <!---->\n          <div class=\"h-column h-column-container d-flex h-col-lg-auto h-col-md-auto h-col-auto style-1979-outer style-local-60-c17-outer\">\n            <div data-colibri-id=\"60-c17\" class=\"d-flex h-flex-basis h-column__inner h-px-lg-2 h-px-md-2 h-px-2 v-inner-lg-2 v-inner-md-2 v-inner-2 style-1979 style-local-60-c17 position-relative\">\n              <!---->\n              <!---->\n              <div class=\"w-100 h-y-container h-column__content h-column__v-align flex-basis-100 align-self-lg-start align-self-md-start align-self-start\">\n                <!---->\n                <div data-colibri-id=\"60-c18\" class=\"h-x-container style-1877 style-local-60-c18 position-relative h-element\">\n                  <!---->\n                  <div class=\"h-x-container-inner style-dynamic-60-c18-group style-1877-spacing style-local-60-c18-spacing\"><span class=\"h-button__outer style-1878-outer style-local-60-c19-outer d-inline-flex h-element\"><a h-use-smooth-scroll=\"true\" href=\"https:\/\/www.bilplas.com\/en\/kaucuk-urunler-2\/\"  data-colibri-id=\"60-c19\" class=\"d-flex w-100 align-items-center h-button justify-content-lg-center justify-content-md-center justify-content-center style-1878 style-local-60-c19 position-relative\"><!----><!----> <span>CLICK TO VIEW RUBBER PRODUCTS<\/span><\/a>\n                    <\/span>\n                  <\/div>\n                <\/div>\n              <\/div>\n            <\/div>\n          <\/div>\n          <div class=\"h-column h-column-container d-flex h-col-lg-auto h-col-md-auto h-col-auto style-1980-outer style-local-60-c20-outer\">\n            <div data-colibri-id=\"60-c20\" class=\"d-flex h-flex-basis h-column__inner h-ui-empty-state-container h-px-lg-2 h-px-md-2 h-px-2 v-inner-lg-2 v-inner-md-2 v-inner-2 style-1980 style-local-60-c20 position-relative\">\n              <!---->\n              <!---->\n              <div class=\"w-100 h-y-container h-column__content h-column__v-align flex-basis-100\">\n                <!---->\n              <\/div>\n            <\/div>\n          <\/div>\n        <\/div>\n      <\/div>\n    <\/div>\n  <\/div>\n<\/div>","protected":false},"excerpt":{"rendered":"<p>Yakla\u015f\u0131k 20 y\u0131ld\u0131r Savunma Sanayi firmalar\u0131na askeri standartlara uygun olarak ihtiya\u00e7lar\u0131na uygun s\u0131zd\u0131rmazl\u0131k ve kau\u00e7uk \u00e7\u00f6z\u00fcmleri sunmaktay\u0131z. Farkl\u0131 tonaj ve boyutlarda 13 adet kau\u00e7uk pi\u015firme presi, 1 adet Vakumlu kau\u00e7uk pi\u015firme presi ile ilgili standartlara ve m\u00fc\u015fteri \u015fartnamelerine uygun olarak Ethylene Propylene Diene Monomer (EPDM), Neoprene, Nitrile, Tabii Kau\u00e7uk, Stirene Butadiene Rubber (SBR), V\u0130TON, Silikon, [&hellip;]<\/p>","protected":false},"author":1,"featured_media":0,"parent":0,"menu_order":0,"comment_status":"closed","ping_status":"closed","template":"page-templates\/full-width-page.php","meta":[],"_links":{"self":[{"href":"https:\/\/www.bilplas.com\/en\/wp-json\/wp\/v2\/pages\/60"}],"collection":[{"href":"https:\/\/www.bilplas.com\/en\/wp-json\/wp\/v2\/pages"}],"about":[{"href":"https:\/\/www.bilplas.com\/en\/wp-json\/wp\/v2\/types\/page"}],"author":[{"embeddable":true,"href":"https:\/\/www.bilplas.com\/en\/wp-json\/wp\/v2\/users\/1"}],"replies":[{"embeddable":true,"href":"https:\/\/www.bilplas.com\/en\/wp-json\/wp\/v2\/comments?post=60"}],"version-history":[{"count":14,"href":"https:\/\/www.bilplas.com\/en\/wp-json\/wp\/v2\/pages\/60\/revisions"}],"predecessor-version":[{"id":3471,"href":"https:\/\/www.bilplas.com\/en\/wp-json\/wp\/v2\/pages\/60\/revisions\/3471"}],"wp:attachment":[{"href":"https:\/\/www.bilplas.com\/en\/wp-json\/wp\/v2\/media?parent=60"}],"curies":[{"name":"wp","href":"https:\/\/api.w.org\/{rel}","templated":true}]}}