{"id":64,"date":"2019-07-12T14:31:08","date_gmt":"2019-07-12T14:31:08","guid":{"rendered":"http:\/\/www.bilplas.com\/?page_id=64"},"modified":"2021-04-07T06:31:27","modified_gmt":"2021-04-07T06:31:27","slug":"lazer-kesim","status":"publish","type":"page","link":"https:\/\/www.bilplas.com\/en\/lazer-kesim","title":{"rendered":"LASER CUTTING"},"content":{"rendered":"<div data-colibri-id=\"64-c1\" class=\"style-2069 style-local-64-c1 position-relative\">\n  <!---->\n  <div data-colibri-component=\"section\" data-colibri-id=\"64-c2\" id=\"features\" class=\"h-section h-section-global-spacing d-flex align-items-lg-center align-items-md-center align-items-center style-2115 style-local-64-c2 position-relative\">\n    <!---->\n    <!---->\n    <div class=\"h-section-grid-container h-section-boxed-container\">\n      <!---->\n      <div data-colibri-id=\"64-c3\" class=\"h-row-container gutters-row-lg-2 gutters-row-md-2 gutters-row-2 gutters-row-v-lg-2 gutters-row-v-md-2 gutters-row-v-2 style-2116 style-local-64-c3 position-relative\">\n        <!---->\n        <div class=\"h-row justify-content-lg-center justify-content-md-center justify-content-center align-items-lg-stretch align-items-md-stretch align-items-stretch gutters-col-lg-2 gutters-col-md-2 gutters-col-2 gutters-col-v-lg-2 gutters-col-v-md-2 gutters-col-v-2\">\n          <!---->\n          <div class=\"h-column h-column-container d-flex h-col-lg-6 h-col-md-6 h-col-12 style-2117-outer style-local-64-c4-outer\">\n            <div data-colibri-id=\"64-c4\" class=\"d-flex h-flex-basis h-column__inner h-px-lg-0 h-px-md-0 h-px-0 v-inner-lg-0 v-inner-md-0 v-inner-0 style-2117 style-local-64-c4 position-relative\">\n              <!---->\n              <!---->\n              <div class=\"w-100 h-y-container h-column__content h-column__v-align flex-basis-100 align-self-lg-start align-self-md-start align-self-start\">\n                <!---->\n                <div data-colibri-id=\"64-c5\" class=\"d-block style-2118 style-local-64-c5 position-relative h-element\">\n                  <!---->\n                  <div class=\"h-image__frame-container-outer\">\n                    <div class=\"h-image__frame-container\">\n                      <!---->\n                      <!---->\n                      <img src=\"https:\/\/www.bilplas.com\/wp-content\/uploads\/2021\/04\/unnamed.jpg\" class=\"style-2118-image style-local-64-c5-image\">\n                      <div class=\"h-image__frame h-hide-lg h-hide-md h-hide-sm style-2118-frameImage style-local-64-c5-frameImage\"><\/div>\n                    <\/div>\n                  <\/div>\n                <\/div>\n                <div data-colibri-id=\"64-c6\" class=\"h-global-transition-all h-heading style-2119 style-local-64-c6 position-relative h-element\">\n                  <!---->\n                  <div class=\"h-heading__outer style-2119 style-local-64-c6\">\n                    <!---->\n                    <!---->\n                    <h4 class=\"\">Laseral 100W Fiber lazer<\/h4>\n                  <\/div>\n                <\/div>\n              <\/div>\n            <\/div>\n          <\/div>\n          <div class=\"h-column h-column-container d-flex h-col-lg-6 h-col-md-6 h-col-12 style-2117-outer style-local-64-c7-outer\">\n            <div data-colibri-id=\"64-c7\" class=\"d-flex h-flex-basis h-column__inner h-px-lg-0 h-px-md-0 h-px-0 v-inner-lg-0 v-inner-md-0 v-inner-0 style-2117 style-local-64-c7 position-relative\">\n              <!---->\n              <!---->\n              <div class=\"w-100 h-y-container h-column__content h-column__v-align flex-basis-100 align-self-lg-start align-self-md-start align-self-start\">\n                <!---->\n                <div data-colibri-id=\"64-c8\" class=\"d-block style-2118 style-local-64-c8 position-relative h-element\">\n                  <!---->\n                  <div class=\"h-image__frame-container-outer\">\n                    <div class=\"h-image__frame-container\">\n                      <!---->\n                      <!---->\n                      <img loading=\"lazy\" width=\"1953\" height=\"1252\" src=\"http:\/\/www.bilplas.com\/wp-content\/uploads\/2020\/05\/cropped-trotec-lazer.png\" class=\"wp-image-2316 style-2118-image style-local-64-c8-image\" srcset=\"https:\/\/www.bilplas.com\/wp-content\/uploads\/2020\/05\/cropped-trotec-lazer.png 1953w, https:\/\/www.bilplas.com\/wp-content\/uploads\/2020\/05\/cropped-trotec-lazer-300x192.png 300w, https:\/\/www.bilplas.com\/wp-content\/uploads\/2020\/05\/cropped-trotec-lazer-768x492.png 768w, https:\/\/www.bilplas.com\/wp-content\/uploads\/2020\/05\/cropped-trotec-lazer-1024x656.png 1024w\" sizes=\"(max-width: 1953px) 100vw, 1953px\" alt=\"\" \/>\n                      <div class=\"h-image__frame h-hide-lg h-hide-md h-hide-sm style-2118-frameImage style-local-64-c8-frameImage\"><\/div>\n                    <\/div>\n                  <\/div>\n                <\/div>\n                <div data-colibri-id=\"64-c9\" class=\"h-global-transition-all h-heading style-2119 style-local-64-c9 position-relative h-element\">\n                  <!---->\n                  <div class=\"h-heading__outer style-2119 style-local-64-c9\">\n                    <!---->\n                    <!---->\n                    <h4 class=\"\">Trotec SP500 CO2<\/h4>\n                  <\/div>\n                <\/div>\n              <\/div>\n            <\/div>\n          <\/div>\n        <\/div>\n      <\/div>\n      <div data-colibri-id=\"64-c10\" class=\"h-row-container gutters-row-lg-2 gutters-row-md-2 gutters-row-0 gutters-row-v-lg-2 gutters-row-v-md-2 gutters-row-v-2 style-2127 style-local-64-c10 position-relative\">\n        <!---->\n        <div class=\"h-row justify-content-lg-center justify-content-md-center justify-content-center align-items-lg-stretch align-items-md-stretch align-items-stretch gutters-col-lg-2 gutters-col-md-2 gutters-col-0 gutters-col-v-lg-2 gutters-col-v-md-2 gutters-col-v-2\">\n          <!---->\n          <div class=\"h-column h-column-container d-flex h-col-lg-auto h-col-md-auto h-col-auto style-2128-outer style-local-64-c11-outer\">\n            <div data-colibri-id=\"64-c11\" class=\"d-flex h-flex-basis h-column__inner h-px-lg-2 h-px-md-2 h-px-2 v-inner-lg-2 v-inner-md-2 v-inner-2 style-2128 style-local-64-c11 position-relative\">\n              <!---->\n              <!---->\n              <div class=\"w-100 h-y-container h-column__content h-column__v-align flex-basis-100 align-self-lg-start align-self-md-start align-self-start\">\n                <!---->\n                <div data-colibri-id=\"64-c12\" class=\"h-text h-text-component style-2129 style-local-64-c12 position-relative h-element\">\n                  <!---->\n                  <!---->\n                  <div class=\"\">\n                    <p><strong style=\"color: rgb(51, 51, 51);\"><em>\u25a0We have two laser cutting and marking machines: Trotec SP500 CO2 and Laseral 100W fiber laser.<\/em><\/strong><\/p>\n                    <p><strong style=\"font-family: &quot;Open Sans&quot;; font-size: 16px; color: rgb(51, 51, 51);\"><em>\u25a0<\/em><\/strong><strong style=\"color: rgb(51, 51, 51);\"><em>Marking, cutting and engraving works on plastic, rubber and metal materials are done using these machines.<\/em><\/strong><\/p>\n                    <h2><strong style=\"color: rgb(27, 11, 84);\">ADVANTAGES OF LASER CUTTING<\/strong><\/h2>\n                    <h6><strong style=\"font-family: &quot;Open Sans&quot;; font-size: 16px; color: rgb(51, 51, 51);\"><em>\u25a0<\/em><\/strong><strong><em>It removes the cost of molds in part manufacturing.<\/em><\/strong><\/h6>\n                    <h6><strong style=\"font-family: &quot;Open Sans&quot;; font-size: 16px; color: rgb(51, 51, 51);\"><em>\u25a0<\/em><\/strong><strong><em>Provides fast and economical solutions in prototype studies.<\/em><\/strong><\/h6>\n                    <h6><strong style=\"font-family: &quot;Open Sans&quot;; font-size: 16px; color: rgb(51, 51, 51);\"><em>\u25a0<\/em><\/strong><strong><em>Many different cutting jobs can be done in a shorter time.<\/em><\/strong><\/h6>\n                    <h6><strong style=\"font-family: &quot;Open Sans&quot;; font-size: 16px; color: rgb(51, 51, 51);\"><em>\u25a0<\/em><\/strong><strong><em>High speed cutting can be done without touching the material.<\/em><\/strong><\/h6>\n                    <h6><strong style=\"font-family: &quot;Open Sans&quot;; font-size: 16px; color: rgb(51, 51, 51);\"><em>\u25a0<\/em><\/strong><strong><em>It is ensured that there is no heat-induced changes on the cut material.<\/em><\/strong><\/h6>\n                    <h6><strong style=\"font-family: &quot;Open Sans&quot;; font-size: 16px; color: rgb(51, 51, 51);\"><em>\u25a0<\/em><\/strong><strong><em>It can be cut without burrs.<\/em><\/strong><\/h6>\n                    <h6><strong style=\"font-family: &quot;Open Sans&quot;; font-size: 16px; color: rgb(51, 51, 51);\"><em>\u25a0<\/em><\/strong><strong><em>It is suitable for flexible production.<\/em><\/strong><\/h6>\n                    <h6><strong style=\"font-family: &quot;Open Sans&quot;; font-size: 16px; color: rgb(51, 51, 51);\"><em>\u25a0<\/em><\/strong><strong><em>Can be worked with minimum waste compared to the press mold.<\/em><\/strong><\/h6>\n                    <h6><strong style=\"font-family: &quot;Open Sans&quot;; font-size: 16px; color: rgb(51, 51, 51);\"><em>\u25a0<\/em><\/strong><strong><em>Compared to press manufacturing, it is ensured that the deformation on the sheet metal is minimized.<\/em><\/strong><\/h6>\n                    <h6><strong style=\"font-family: &quot;Open Sans&quot;; font-size: 16px; color: rgb(51, 51, 51);\"><em>\u25a0<\/em><\/strong><strong><em>Writing and marking on the sheet is provided.<\/em><\/strong><\/h6>\n                    <h6><strong style=\"font-family: &quot;Open Sans&quot;; font-size: 16px; color: rgb(51, 51, 51);\"><em>\u25a0<\/em><\/strong><strong><em>Marking of bending axes can be done.<\/em><\/strong><\/h6>\n                    <p>\n                      <br>\n                    <\/p>\n                  <\/div>\n                <\/div>\n              <\/div>\n            <\/div>\n          <\/div>\n        <\/div>\n      <\/div>\n    <\/div>\n  <\/div>\n<\/div>","protected":false},"excerpt":{"rendered":"<p>Laseral 100W Fiber lazer Trotec SP500 CO2 \u25a0\u015eirket b\u00fcnyemizde Trotec SP500 CO2 ve Laseral 100W Fiber lazer bulunmaktad\u0131r. \u25a0Plastik, Kau\u00e7uk ve metal malzemelere markalama, kaz\u0131ma, kesme prosesleri ger\u00e7ekle\u015ftirilmektedir. LAZER KES\u0130M AVANTAJLARI \u25a0Par\u00e7a imalat\u0131nda kal\u0131p maliyetini kald\u0131r\u0131r. \u25a0Prototip \u00e7al\u0131\u015fmalar\u0131nda h\u0131zl\u0131 ve ekonomik \u00e7\u00f6z\u00fcmler sa\u011flar. \u25a0Daha k\u0131sa zamanda \u00e7ok farkl\u0131 kesim i\u015fleri yap\u0131labilir. \u25a0Malzemeye temas etmeden y\u00fcksek [&hellip;]<\/p>","protected":false},"author":1,"featured_media":0,"parent":0,"menu_order":0,"comment_status":"closed","ping_status":"closed","template":"page-templates\/full-width-page.php","meta":[],"_links":{"self":[{"href":"https:\/\/www.bilplas.com\/en\/wp-json\/wp\/v2\/pages\/64"}],"collection":[{"href":"https:\/\/www.bilplas.com\/en\/wp-json\/wp\/v2\/pages"}],"about":[{"href":"https:\/\/www.bilplas.com\/en\/wp-json\/wp\/v2\/types\/page"}],"author":[{"embeddable":true,"href":"https:\/\/www.bilplas.com\/en\/wp-json\/wp\/v2\/users\/1"}],"replies":[{"embeddable":true,"href":"https:\/\/www.bilplas.com\/en\/wp-json\/wp\/v2\/comments?post=64"}],"version-history":[{"count":20,"href":"https:\/\/www.bilplas.com\/en\/wp-json\/wp\/v2\/pages\/64\/revisions"}],"predecessor-version":[{"id":3399,"href":"https:\/\/www.bilplas.com\/en\/wp-json\/wp\/v2\/pages\/64\/revisions\/3399"}],"wp:attachment":[{"href":"https:\/\/www.bilplas.com\/en\/wp-json\/wp\/v2\/media?parent=64"}],"curies":[{"name":"wp","href":"https:\/\/api.w.org\/{rel}","templated":true}]}}