{"id":66,"date":"2019-07-12T14:31:30","date_gmt":"2019-07-12T14:31:30","guid":{"rendered":"http:\/\/www.bilplas.com\/?page_id=66"},"modified":"2021-04-07T06:21:52","modified_gmt":"2021-04-07T06:21:52","slug":"aparat-kesim","status":"publish","type":"page","link":"https:\/\/www.bilplas.com\/en\/aparat-kesim","title":{"rendered":"Hydraulic Cutting"},"content":{"rendered":"<p><em><strong>Specially designed blades and two hydraulic pressure machines are used to cut rubber sheets and plastic parts according to clients\u2019 requirements.<\/strong><\/em><\/p>\n<p><style type=\"text\/css\">\n\t\t\t#gallery-1 {<br \/>\n\t\t\t\tmargin: auto;<br \/>\n\t\t\t}<br \/>\n\t\t\t#gallery-1 .gallery-item {<br \/>\n\t\t\t\tfloat: left;<br \/>\n\t\t\t\tmargin-top: 10px;<br \/>\n\t\t\t\ttext-align: center;<br \/>\n\t\t\t\twidth: 100%;<br \/>\n\t\t\t}<br \/>\n\t\t\t#gallery-1 img {<br \/>\n\t\t\t\tborder: 2px solid #cfcfcf;<br \/>\n\t\t\t}<br \/>\n\t\t\t#gallery-1 .gallery-caption {<br \/>\n\t\t\t\tmargin-left: 0;<br \/>\n\t\t\t}<br \/>\n\t\t\t\/* see gallery_shortcode() in wp-includes\/media.php *\/<br \/>\n\t\t<\/style><\/p>\n<dl class=\"gallery-item\">\n<dt class=\"gallery-icon landscape\"><\/dt>\n<\/dl>\n<p>\u00a0<\/p>\n\n\n<figure class=\"wp-block-image size-large\"><img loading=\"lazy\" width=\"370\" height=\"230\" src=\"https:\/\/www.bilplas.com\/wp-content\/uploads\/2021\/04\/aparat-kesim-2-512x341-370x230-1.jpg\" alt=\"\" class=\"wp-image-3393\" srcset=\"https:\/\/www.bilplas.com\/wp-content\/uploads\/2021\/04\/aparat-kesim-2-512x341-370x230-1.jpg 370w, https:\/\/www.bilplas.com\/wp-content\/uploads\/2021\/04\/aparat-kesim-2-512x341-370x230-1-300x186.jpg 300w\" sizes=\"(max-width: 370px) 100vw, 370px\" \/><\/figure>\n\n\n\n<figure class=\"wp-block-image size-large\"><img loading=\"lazy\" width=\"370\" height=\"230\" src=\"https:\/\/www.bilplas.com\/wp-content\/uploads\/2021\/04\/aparat-kesim-512x341-370x230-1.jpg\" alt=\"\" class=\"wp-image-3394\" srcset=\"https:\/\/www.bilplas.com\/wp-content\/uploads\/2021\/04\/aparat-kesim-512x341-370x230-1.jpg 370w, https:\/\/www.bilplas.com\/wp-content\/uploads\/2021\/04\/aparat-kesim-512x341-370x230-1-300x186.jpg 300w\" sizes=\"(max-width: 370px) 100vw, 370px\" \/><\/figure>\n\n\n\n<p><a href=\"https:\/\/www.bilplas.com\/en\/kaucuk-urunler\/\" target=\"_blank\" rel=\"noreferrer noopener\">PLEASE CLICK TO VIEW OUR ADDITIVE CUTTING PRODUCTS<\/a><\/p>","protected":false},"excerpt":{"rendered":"<p>\u00d6zel tasarlanan b\u0131\u00e7aklar ve 2 adet hidrolik d\u00f6ner kafa presimiz ile sheet kau\u00e7uk ve plastik malzemelerin m\u00fc\u015fteri isteklerine uygun \u015fekilde kesimi yap\u0131lmaktad\u0131r. \u00a0 APARAT KES\u0130M \u00dcR\u00dcNLER\u0130M\u0130Z\u0130 G\u00d6R\u00dcNT\u00dcLEMEK \u0130\u00c7\u0130N L\u00dcTFEN TIKLAYINIZ<\/p>","protected":false},"author":1,"featured_media":0,"parent":0,"menu_order":0,"comment_status":"closed","ping_status":"closed","template":"","meta":[],"_links":{"self":[{"href":"https:\/\/www.bilplas.com\/en\/wp-json\/wp\/v2\/pages\/66"}],"collection":[{"href":"https:\/\/www.bilplas.com\/en\/wp-json\/wp\/v2\/pages"}],"about":[{"href":"https:\/\/www.bilplas.com\/en\/wp-json\/wp\/v2\/types\/page"}],"author":[{"embeddable":true,"href":"https:\/\/www.bilplas.com\/en\/wp-json\/wp\/v2\/users\/1"}],"replies":[{"embeddable":true,"href":"https:\/\/www.bilplas.com\/en\/wp-json\/wp\/v2\/comments?post=66"}],"version-history":[{"count":5,"href":"https:\/\/www.bilplas.com\/en\/wp-json\/wp\/v2\/pages\/66\/revisions"}],"predecessor-version":[{"id":3395,"href":"https:\/\/www.bilplas.com\/en\/wp-json\/wp\/v2\/pages\/66\/revisions\/3395"}],"wp:attachment":[{"href":"https:\/\/www.bilplas.com\/en\/wp-json\/wp\/v2\/media?parent=66"}],"curies":[{"name":"wp","href":"https:\/\/api.w.org\/{rel}","templated":true}]}}