{"id":68,"date":"2019-07-12T14:32:07","date_gmt":"2019-07-12T14:32:07","guid":{"rendered":"http:\/\/www.bilplas.com\/?page_id=68"},"modified":"2022-06-28T12:43:59","modified_gmt":"2022-06-28T12:43:59","slug":"ar-ge-tasarim","status":"publish","type":"page","link":"https:\/\/www.bilplas.com\/en\/ar-ge-tasarim","title":{"rendered":"R&amp;D &amp; DESIGN"},"content":{"rendered":"<div data-colibri-id=\"68-c1\" class=\"style-2134 style-local-68-c1 position-relative\">\n  <!---->\n  <div data-colibri-component=\"section\" data-colibri-id=\"68-c2\" id=\"cta\" class=\"h-section h-section-global-spacing d-flex align-items-lg-center align-items-md-center align-items-center style-2305 style-local-68-c2 position-relative\">\n    <!---->\n    <!---->\n    <div class=\"h-section-grid-container h-section-boxed-container\">\n      <!---->\n      <div data-colibri-id=\"68-c3\" class=\"h-row-container gutters-row-lg-0 gutters-row-md-0 gutters-row-2 gutters-row-v-lg-0 gutters-row-v-md-0 gutters-row-v-0 style-2306 style-local-68-c3 position-relative\">\n        <!---->\n        <div class=\"h-row justify-content-lg-center justify-content-md-center justify-content-center align-items-lg-stretch align-items-md-stretch align-items-stretch gutters-col-lg-0 gutters-col-md-0 gutters-col-2 gutters-col-v-lg-0 gutters-col-v-md-0 gutters-col-v-0\">\n          <!---->\n          <div class=\"h-column h-column-container d-flex h-col-lg-auto h-col-md-auto h-col-auto style-2307-outer style-local-68-c4-outer\">\n            <div data-colibri-id=\"68-c4\" class=\"d-flex h-flex-basis h-column__inner h-px-lg-0 h-px-md-0 h-px-0 v-inner-lg-0 v-inner-md-0 v-inner-0 style-2307 style-local-68-c4 position-relative\">\n              <!---->\n              <!---->\n              <div class=\"w-100 h-y-container h-column__content h-column__v-align flex-basis-100 align-self-lg-start align-self-md-start align-self-start\">\n                <!---->\n                <div data-colibri-id=\"68-c5\" class=\"h-row-container gutters-row-lg-0 gutters-row-md-0 gutters-row-0 gutters-row-v-lg-0 gutters-row-v-md-0 gutters-row-v-0 style-2308 style-local-68-c5 position-relative\">\n                  <!---->\n                  <div class=\"h-row justify-content-lg-center justify-content-md-center justify-content-center align-items-lg-stretch align-items-md-stretch align-items-stretch gutters-col-lg-0 gutters-col-md-0 gutters-col-0 gutters-col-v-lg-0 gutters-col-v-md-0 gutters-col-v-0\">\n                    <!---->\n                    <div class=\"h-column h-column-container d-flex h-col-lg-auto h-col-md-auto h-col-auto style-2310-outer style-local-68-c6-outer\">\n                      <div data-colibri-id=\"68-c6\" class=\"d-flex h-flex-basis h-column__inner h-px-lg-2 h-px-md-2 h-px-2 v-inner-lg-2 v-inner-md-2 v-inner-2 style-2310 style-local-68-c6 position-relative\">\n                        <!---->\n                        <!---->\n                        <div class=\"w-100 h-y-container h-column__content h-column__v-align flex-basis-100 align-self-lg-center align-self-md-center align-self-center\">\n                          <!---->\n                          <div data-colibri-id=\"68-c7\" class=\"h-global-transition-all h-heading style-2311 style-local-68-c7 position-relative h-element\">\n                            <!---->\n                            <div class=\"h-heading__outer style-2311 style-local-68-c7\">\n                              <!---->\n                              <!---->\n                              <h3 class=\"\"><span style=\"font-size: 59%;\">Bilplas Savunma kuruldu\u011fu g\u00fcnden bug\u00fcne AR-GE \u00e7al\u0131\u015fmalar\u0131na \u00f6nem vermi\u015ftir. Firmam\u0131z\u0131n AR-GE b\u00f6l\u00fcm\u00fcnde, 3 adet 3 boyutlu yaz\u0131c\u0131 olup, bu yaz\u0131c\u0131lardan ikisi FDM \u00fcretim di\u011feri ise SLA \u00fcretim yapabilmektedir. Son d\u00f6nemde ilerlemekte olan teknolojiye ayak uydurarak tersine m\u00fchendislik ve h\u0131zl\u0131 prototipleme i\u00e7in kullan\u0131lan 7 eksenli lazer taray\u0131c\u0131m\u0131z bulunmaktad\u0131r.<\/span><\/h3>\n                            <\/div>\n                          <\/div>\n                        <\/div>\n                      <\/div>\n                    <\/div>\n                  <\/div>\n                <\/div>\n              <\/div>\n            <\/div>\n          <\/div>\n        <\/div>\n      <\/div>\n    <\/div>\n  <\/div>\n  <div data-colibri-component=\"section\" data-colibri-id=\"68-c8\" id=\"features\" class=\"h-section h-section-global-spacing d-flex align-items-lg-center align-items-md-center align-items-center style-2145 style-local-68-c8 position-relative\">\n    <div class=\"background-wrapper\">\n      <div class=\"background-layer background-layer-media-container-lg\">\n        <!---->\n        <div class=\"overlay-layer\">\n          <div class=\"overlay-image-layer\" style=\"background-color: rgb(255, 255, 255); opacity: 0.85;\"><\/div>\n        <\/div>\n      <\/div>\n      <div class=\"background-layer background-layer-media-container-md\">\n        <!---->\n        <div class=\"overlay-layer\">\n          <div class=\"overlay-image-layer\" style=\"background-color: rgb(255, 255, 255); opacity: 0.85;\"><\/div>\n        <\/div>\n      <\/div>\n      <div class=\"background-layer background-layer-media-container\">\n        <!---->\n        <div class=\"overlay-layer\">\n          <div class=\"overlay-image-layer\" style=\"background-color: rgb(255, 255, 255); opacity: 0.85;\"><\/div>\n        <\/div>\n      <\/div>\n    <\/div>\n    <!---->\n    <div class=\"h-section-grid-container h-section-boxed-container\">\n      <!---->\n      <div data-colibri-id=\"68-c9\" class=\"h-row-container gutters-row-lg-0 gutters-row-md-2 gutters-row-2 gutters-row-v-lg-0 gutters-row-v-md-2 gutters-row-v-2 style-2146 style-local-68-c9 position-relative\">\n        <!---->\n        <div class=\"h-row justify-content-lg-center justify-content-md-center justify-content-center align-items-lg-stretch align-items-md-stretch align-items-stretch gutters-col-lg-0 gutters-col-md-2 gutters-col-2 gutters-col-v-lg-0 gutters-col-v-md-2 gutters-col-v-2\">\n          <!---->\n          <div class=\"h-column h-column-container d-flex h-col-lg-auto h-col-md-auto h-col-auto style-2147-outer style-local-68-c10-outer\">\n            <div data-colibri-id=\"68-c10\" class=\"d-flex h-flex-basis h-column__inner h-px-lg-3 h-px-md-2 h-px-2 v-inner-lg-0 v-inner-md-2 v-inner-2 style-2147 style-local-68-c10 position-relative\">\n              <!---->\n              <!---->\n              <div class=\"w-100 h-y-container h-column__content h-column__v-align flex-basis-100 align-self-lg-center align-self-md-center align-self-center\">\n                <!---->\n                <div data-colibri-id=\"68-c11\" class=\"h-row-container gutters-row-lg-1 gutters-row-md-1 gutters-row-1 gutters-row-v-lg-1 gutters-row-v-md-1 gutters-row-v-1 style-2148 style-local-68-c11 position-relative\">\n                  <!---->\n                  <div class=\"h-row justify-content-lg-center justify-content-md-center justify-content-center align-items-lg-stretch align-items-md-stretch align-items-stretch gutters-col-lg-1 gutters-col-md-1 gutters-col-1 gutters-col-v-lg-1 gutters-col-v-md-1 gutters-col-v-1\">\n                    <!---->\n                    <div class=\"h-column h-column-container d-flex h-col-lg-auto h-col-md-auto h-col-auto style-2149-outer style-local-68-c12-outer\">\n                      <div data-colibri-id=\"68-c12\" class=\"d-flex h-flex-basis h-column__inner h-ui-empty-state-container h-px-lg-1 h-px-md-1 h-px-1 v-inner-lg-1 v-inner-md-1 v-inner-1 style-2149 style-local-68-c12 position-relative\">\n                        <!---->\n                        <!---->\n                        <div class=\"w-100 h-y-container h-column__content h-column__v-align flex-basis-auto\">\n                          <!---->\n                        <\/div>\n                      <\/div>\n                    <\/div>\n                    <div class=\"h-column h-column-container d-flex h-col-lg h-col-md h-col-auto style-2151-outer style-local-68-c13-outer\">\n                      <div data-colibri-id=\"68-c13\" class=\"d-flex h-flex-basis h-column__inner h-px-lg-1 h-px-md-1 h-px-1 v-inner-lg-1 v-inner-md-1 v-inner-1 style-2151 style-local-68-c13 position-relative\">\n                        <!---->\n                        <!---->\n                        <div class=\"w-100 h-y-container h-column__content h-column__v-align flex-basis-100 align-self-lg-start align-self-md-start align-self-start\">\n                          <!---->\n                          <div data-colibri-id=\"68-c14\" class=\"h-global-transition-all h-heading style-2152 style-local-68-c14 position-relative h-element\">\n                            <!---->\n                            <div class=\"h-heading__outer style-2152 style-local-68-c14\">\n                              <!---->\n                              <!---->\n                              <h4 class=\"\">LAZER SCANNER\n                                <br>Faro ARM Quantum E;<\/h4>\n                            <\/div>\n                          <\/div>\n                          <div data-colibri-id=\"68-c15\" class=\"h-text h-text-component style-2153 style-local-68-c15 position-relative h-element\">\n                            <!---->\n                            <!---->\n                            <div class=\"\">\n                              <p> We provide reverse engineering and quality control processes with our 7-axis laser scanning device in our R&amp;D unit.<\/p>\n                            <\/div>\n                          <\/div>\n                        <\/div>\n                      <\/div>\n                    <\/div>\n                  <\/div>\n                <\/div>\n                <div data-colibri-id=\"68-c16\" class=\"h-row-container gutters-row-lg-1 gutters-row-md-1 gutters-row-1 gutters-row-v-lg-1 gutters-row-v-md-1 gutters-row-v-1 style-2154 style-local-68-c16 position-relative\">\n                  <!---->\n                  <div class=\"h-row justify-content-lg-center justify-content-md-center justify-content-center align-items-lg-stretch align-items-md-stretch align-items-stretch gutters-col-lg-1 gutters-col-md-1 gutters-col-1 gutters-col-v-lg-1 gutters-col-v-md-1 gutters-col-v-1\">\n                    <!---->\n                    <div class=\"h-column h-column-container d-flex h-col-lg-auto h-col-md-auto h-col-auto style-2155-outer style-local-68-c17-outer\">\n                      <div data-colibri-id=\"68-c17\" class=\"d-flex h-flex-basis h-column__inner h-ui-empty-state-container h-px-lg-1 h-px-md-1 h-px-1 v-inner-lg-1 v-inner-md-1 v-inner-1 style-2155 style-local-68-c17 position-relative\">\n                        <!---->\n                        <!---->\n                        <div class=\"w-100 h-y-container h-column__content h-column__v-align flex-basis-auto\">\n                          <!---->\n                        <\/div>\n                      <\/div>\n                    <\/div>\n                    <div class=\"h-column h-column-container d-flex h-col-lg h-col-md h-col-auto style-2157-outer style-local-68-c18-outer\">\n                      <div data-colibri-id=\"68-c18\" class=\"d-flex h-flex-basis h-column__inner h-px-lg-1 h-px-md-1 h-px-1 v-inner-lg-1 v-inner-md-1 v-inner-1 style-2157 style-local-68-c18 position-relative\">\n                        <!---->\n                        <!---->\n                        <div class=\"w-100 h-y-container h-column__content h-column__v-align flex-basis-100 align-self-lg-start align-self-md-start align-self-start\">\n                          <!---->\n                          <div data-colibri-id=\"68-c19\" class=\"h-text h-text-component style-2153 style-local-68-c19 position-relative h-element\">\n                            <!---->\n                            <!---->\n                            <div class=\"\">\n                              <p class=\" translation-block\">Faro QuantumE is a device with probing and laser scanning capability. With the probing feature of this device, measurements can be made at 36 <span style=\"font-family: Arial, sans-serif;font-size: 10.5pt\">\u03bcm<\/span><span style=\"font-family: Arial, sans-serif;font-size: 10.5pt\"> <\/span> sensitivity and with the laser scanning feature at 63 <span style=\"font-family: Arial, sans-serif;font-size: 10.5pt\"> <\/span><span style=\"font-family: Arial, sans-serif;font-size: 10.5pt\">\u03bcm <\/span> <span style=\"font-family: Arial, sans-serif;font-size: 10.5pt\"> <\/span> sensitivity. In addition, QuantumE is the only measurement arm in the market that can be verified according to the international certification standard ISO 10360-12: 2016.<\/p>\n                            <\/div>\n                          <\/div>\n                        <\/div>\n                      <\/div>\n                    <\/div>\n                  <\/div>\n                <\/div>\n                <div data-colibri-id=\"68-c20\" class=\"h-row-container gutters-row-lg-1 gutters-row-md-1 gutters-row-1 gutters-row-v-lg-1 gutters-row-v-md-1 gutters-row-v-1 style-2158 style-local-68-c20 position-relative\">\n                  <!---->\n                  <div class=\"h-row justify-content-lg-center justify-content-md-center justify-content-center align-items-lg-stretch align-items-md-stretch align-items-stretch gutters-col-lg-1 gutters-col-md-1 gutters-col-1 gutters-col-v-lg-1 gutters-col-v-md-1 gutters-col-v-1\">\n                    <!---->\n                    <div class=\"h-column h-column-container d-flex h-col-lg-auto h-col-md-auto h-col-auto style-2159-outer style-local-68-c21-outer\">\n                      <div data-colibri-id=\"68-c21\" class=\"d-flex h-flex-basis h-column__inner h-ui-empty-state-container h-px-lg-1 h-px-md-1 h-px-1 v-inner-lg-1 v-inner-md-1 v-inner-1 style-2159 style-local-68-c21 position-relative\">\n                        <!---->\n                        <!---->\n                        <div class=\"w-100 h-y-container h-column__content h-column__v-align flex-basis-auto\">\n                          <!---->\n                        <\/div>\n                      <\/div>\n                    <\/div>\n                    <div class=\"h-column h-column-container d-flex h-col-lg h-col-md h-col-auto style-2161-outer style-local-68-c22-outer\">\n                      <div data-colibri-id=\"68-c22\" class=\"d-flex h-flex-basis h-column__inner h-px-lg-1 h-px-md-1 h-px-1 v-inner-lg-1 v-inner-md-1 v-inner-1 style-2161 style-local-68-c22 position-relative\">\n                        <!---->\n                        <!---->\n                        <div class=\"w-100 h-y-container h-column__content h-column__v-align flex-basis-100 align-self-lg-start align-self-md-start align-self-start\">\n                          <!---->\n                          <div data-colibri-id=\"68-c23\" class=\"h-text h-text-component style-2164 style-local-68-c23 position-relative h-element\">\n                            <!---->\n                            <!---->\n                            <div class=\"\">\n                              <p>\n                                <br>With the PolyWorks program included with the device, we can perform the accuracy and reverse engineering of the parts produced.<\/p>\n                            <\/div>\n                          <\/div>\n                        <\/div>\n                      <\/div>\n                    <\/div>\n                  <\/div>\n                <\/div>\n              <\/div>\n            <\/div>\n          <\/div>\n          <div class=\"h-column h-column-container d-flex h-col-lg-auto h-col-md-auto h-col-auto style-2162-outer style-local-68-c24-outer\">\n            <div data-colibri-id=\"68-c24\" class=\"d-flex h-flex-basis h-column__inner h-px-lg-3 h-px-md-2 h-px-2 v-inner-lg-0 v-inner-md-2 v-inner-2 style-2162 style-local-68-c24 position-relative\">\n              <!---->\n              <!---->\n              <div class=\"w-100 h-y-container h-column__content h-column__v-align flex-basis-100 align-self-lg-center align-self-md-center align-self-center\">\n                <!---->\n                <div data-colibri-id=\"68-c25\" class=\"d-block style-2163 style-local-68-c25 position-relative h-element\">\n                  <!---->\n                  <div class=\"h-image__frame-container-outer\">\n                    <div class=\"h-image__frame-container\">\n                      <!---->\n                      <!---->\n                      <img loading=\"lazy\" width=\"344\" height=\"339\" src=\"http:\/\/www.bilplas.com\/wp-content\/uploads\/2020\/06\/cropped-beauty-header-picture-quantums-9.png\" class=\"wp-image-2397 style-2163-image style-local-68-c25-image\" srcset=\"https:\/\/www.bilplas.com\/wp-content\/uploads\/2020\/06\/cropped-beauty-header-picture-quantums-9.png 344w, https:\/\/www.bilplas.com\/wp-content\/uploads\/2020\/06\/cropped-beauty-header-picture-quantums-9-300x296.png 300w\" sizes=\"(max-width: 344px) 100vw, 344px\" alt=\"\" \/>\n                      <div class=\"h-image__frame h-hide-lg h-hide-md h-hide-sm style-2163-frameImage style-local-68-c25-frameImage\"><\/div>\n                    <\/div>\n                  <\/div>\n                <\/div>\n              <\/div>\n            <\/div>\n          <\/div>\n        <\/div>\n      <\/div>\n    <\/div>\n  <\/div>\n<\/div>","protected":false},"excerpt":{"rendered":"<p>Bilplas Savunma kuruldu\u011fu g\u00fcnden bug\u00fcne AR-GE \u00e7al\u0131\u015fmalar\u0131na \u00f6nem vermi\u015ftir. Firmam\u0131z\u0131n AR-GE b\u00f6l\u00fcm\u00fcnde, 3 adet 3 boyutlu yaz\u0131c\u0131 olup, bu yaz\u0131c\u0131lardan ikisi FDM \u00fcretim di\u011feri ise SLA \u00fcretim yapabilmektedir. Son d\u00f6nemde ilerlemekte olan teknolojiye ayak uydurarak tersine m\u00fchendislik ve h\u0131zl\u0131 prototipleme i\u00e7in kullan\u0131lan 7 eksenli lazer taray\u0131c\u0131m\u0131z bulunmaktad\u0131r. LAZER SCANNER Faro ARM Quantum E; Ar-Ge birimimizde [&hellip;]<\/p>","protected":false},"author":1,"featured_media":0,"parent":0,"menu_order":0,"comment_status":"closed","ping_status":"closed","template":"page-templates\/full-width-page.php","meta":[],"_links":{"self":[{"href":"https:\/\/www.bilplas.com\/en\/wp-json\/wp\/v2\/pages\/68"}],"collection":[{"href":"https:\/\/www.bilplas.com\/en\/wp-json\/wp\/v2\/pages"}],"about":[{"href":"https:\/\/www.bilplas.com\/en\/wp-json\/wp\/v2\/types\/page"}],"author":[{"embeddable":true,"href":"https:\/\/www.bilplas.com\/en\/wp-json\/wp\/v2\/users\/1"}],"replies":[{"embeddable":true,"href":"https:\/\/www.bilplas.com\/en\/wp-json\/wp\/v2\/comments?post=68"}],"version-history":[{"count":21,"href":"https:\/\/www.bilplas.com\/en\/wp-json\/wp\/v2\/pages\/68\/revisions"}],"predecessor-version":[{"id":3627,"href":"https:\/\/www.bilplas.com\/en\/wp-json\/wp\/v2\/pages\/68\/revisions\/3627"}],"wp:attachment":[{"href":"https:\/\/www.bilplas.com\/en\/wp-json\/wp\/v2\/media?parent=68"}],"curies":[{"name":"wp","href":"https:\/\/api.w.org\/{rel}","templated":true}]}}