{"id":93,"date":"2019-07-12T14:50:21","date_gmt":"2019-07-12T14:50:21","guid":{"rendered":"http:\/\/www.bilplas.com\/?page_id=93"},"modified":"2022-06-28T12:33:28","modified_gmt":"2022-06-28T12:33:28","slug":"hakkimizda","status":"publish","type":"page","link":"https:\/\/www.bilplas.com\/en\/hakkimizda","title":{"rendered":"ABOUT US"},"content":{"rendered":"<div data-colibri-id=\"93-c1\" class=\"style-2416 style-local-93-c1 position-relative\">\n  <!---->\n  <div data-colibri-component=\"section\" data-colibri-id=\"93-c2\" id=\"about\" class=\"h-section h-section-global-spacing d-flex align-items-lg-center align-items-md-center align-items-end style-2431 style-local-93-c2 h-overflow-hidden position-relative\">\n    <div class=\"background-wrapper\">\n      <div class=\"background-layer background-layer-media-container-lg\">\n        <!---->\n        <div class=\"overlay-layer\">\n          <div class=\"overlay-image-layer\"><\/div>\n          <div class=\"shape-layer colibri-shape-circles-3\" style=\"background-position: center center; background-size: cover; background-repeat: no-repeat; filter: invert(75%);\"><\/div>\n        <\/div>\n      <\/div>\n      <div class=\"background-layer background-layer-media-container-md\">\n        <!---->\n        <div class=\"overlay-layer\">\n          <div class=\"overlay-image-layer\"><\/div>\n          <div class=\"shape-layer colibri-shape-circles-3\" style=\"background-position: center center; background-size: cover; background-repeat: no-repeat; filter: invert(75%);\"><\/div>\n        <\/div>\n      <\/div>\n      <div class=\"background-layer background-layer-media-container\">\n        <!---->\n        <div class=\"overlay-layer\">\n          <div class=\"overlay-image-layer\"><\/div>\n          <div class=\"shape-layer colibri-shape-circles-3\" style=\"background-position: center center; background-size: cover; background-repeat: no-repeat; filter: invert(75%);\"><\/div>\n        <\/div>\n      <\/div>\n    <\/div>\n    <!---->\n    <div class=\"h-section-grid-container h-section-boxed-container\">\n      <!---->\n      <div data-colibri-id=\"93-c3\" class=\"h-row-container gutters-row-lg-0 gutters-row-md-0 gutters-row-2 gutters-row-v-lg-0 gutters-row-v-md-0 gutters-row-v-0 style-2432 style-local-93-c3 position-relative\">\n        <!---->\n        <div class=\"h-row justify-content-lg-end justify-content-md-end justify-content-center align-items-lg-stretch align-items-md-stretch align-items-stretch gutters-col-lg-0 gutters-col-md-0 gutters-col-2 gutters-col-v-lg-0 gutters-col-v-md-0 gutters-col-v-0\">\n          <!---->\n          <div class=\"h-column h-column-container d-flex h-col-lg-auto h-col-md-auto h-col-auto style-2433-outer style-local-93-c4-outer\">\n            <div data-colibri-id=\"93-c4\" class=\"d-flex h-flex-basis h-column__inner h-px-lg-2 h-px-md-2 h-px-0 v-inner-lg-2 v-inner-md-2 v-inner-0 style-2433 style-local-93-c4 position-relative\">\n              <!---->\n              <!---->\n              <div class=\"w-100 h-y-container h-column__content h-column__v-align flex-basis-auto align-self-lg-end align-self-md-end align-self-end\">\n                <!---->\n                <div data-colibri-id=\"93-c5\" class=\"h-text h-text-component style-2435 style-local-93-c5 position-relative h-element\">\n                  <!---->\n                  <!---->\n                  <div class=\"\">\n                    <h5><strong style=\"font-size: 16px; font-family: &quot;Open Sans&quot;; color: rgb(11, 11, 11);\">B\u0130LPLAS SAVUNMA 1996 y\u0131l\u0131nda plastik, kau\u00e7uk \u00fcretimi ve serigrafi konusunda hizmet vermek amac\u0131yla Ankara\u2019da faaliyetlerine ba\u015flam\u0131\u015ft\u0131r. Firmam\u0131z kuruldu\u011fu g\u00fcnden bu yana Elektro-Mekanik sanayi ve Askeri kurulu\u015flar\u0131n plastik-kau\u00e7uk malzeme ve serigrafik bask\u0131 ihtiya\u00e7lar\u0131n\u0131 kar\u015f\u0131layan bir alt y\u00fcklenici olarak \u00e7al\u0131\u015fmaktad\u0131r.&nbsp;B\u0130LPLAS SAVUNMA, Zeliyha YILDIRIM taraf\u0131ndan kurulmu\u015ftur ve \u00fcretime 3 \u00e7al\u0131\u015fan\u0131 ile birlikte Ostim O.S.B\u2019de ba\u015flam\u0131\u015ft\u0131r. \u015eu anda \u015firketin \u00e7al\u0131\u015fan say\u0131s\u0131 40\u2019d\u0131r.&nbsp;<\/strong>\n                      <span\n                        style=\"font-size: 16px; font-family: &quot;Open Sans&quot;; color: rgb(11, 11, 11); font-weight: 400;\">&nbsp;<\/span><strong style=\"font-size: 16px; font-family: &quot;Open Sans&quot;; color: rgb(11, 11, 11);\">The company\u2019s activities began with tendering bids in the defense industry and by producing serigraph prints. The company has successfully manufactured and delivered domestic military products to military companies without ever being banned in the industry. \nIn the beginning of the 2000s the company started to produce plastic and rubber parts for the defense industry companies. \nNow the company only works as a subcontractor for defense industry companies like ASELSAN, FNSS and  ROKETSAN.<\/strong>\n                        <span\n                          style=\"font-size: 16px; font-family: &quot;Open Sans&quot;; color: rgb(11, 11, 11); font-weight: 400;\">&nbsp;<\/span><strong style=\"font-size: 16px; font-family: &quot;Open Sans&quot;; color: rgb(11, 11, 11);\">The work carried out by the company is qualified as R&amp;D since every product has specific characteristics for defense industry. In that scope, a large part of the factory is used for new product development. The company has manufactured over 10,000 different products and this number increases every year.\nOur products are manufactured in accordance with military standards \u2013 such as ASTM, AMS, MIL, SAE, DIN. The company also has facility security clearance certificate from the Turkish Defense Ministry and NATO.<\/strong>\n                          <strong\n                            style=\"color: rgb(11, 11, 11);\"><em><br><br>Our mission is as follows:<\/em><\/strong>\n                    <\/h5>\n                    <h5><strong style=\"font-weight: 400; font-size: 16px; font-family: &quot;Open Sans&quot;; color: rgb(11, 11, 11);\"><em>To keep the customer satisfaction at the highest level by delivering high quality and cheap products on time with the full cooperation of our employees and suppliers.<\/em><\/strong>\n                      <span\n                        style=\"font-weight: 400; font-size: 16px; font-family: &quot;Open Sans&quot;; color: rgb(11, 11, 11);\">&nbsp;<\/span><strong style=\"font-weight: 400; font-size: 16px; font-family: &quot;Open Sans&quot;; color: rgb(11, 11, 11);\"><em>To establish a continuous and trustworthy relationship with our customers by understanding their needs, produce the right solutions and satisfy them.<\/em><\/strong>\n                        <strong\n                          style=\"color: rgb(11, 11, 11);\"><em><br><br>Our vision is as follows:<\/em><\/strong>\n                    <\/h5>\n                    <p><strong style=\"font-weight: 400; font-size: 16px; font-family: &quot;Open Sans&quot;; color: rgb(11, 11, 11);\"><em>To meet the expectations of our customers at the world standards by following technological developments closely and with our innovative and creative solutions in every work we do.<\/em><\/strong>\n                      <span\n                        style=\"font-weight: 400; font-size: 16px; font-family: &quot;Open Sans&quot;; color: rgb(11, 11, 11);\">&nbsp;<\/span><strong style=\"font-weight: 400; font-size: 16px; font-family: &quot;Open Sans&quot;; color: rgb(11, 11, 11);\"><em>To continue developing with technological developments, invest in technology and people and become an international company that manufactures high quality products.<\/em><\/strong><\/p>\n                  <\/div>\n                <\/div>\n              <\/div>\n            <\/div>\n          <\/div>\n        <\/div>\n      <\/div>\n    <\/div>\n  <\/div>\n<\/div>","protected":false},"excerpt":{"rendered":"<p>B\u0130LPLAS SAVUNMA 1996 y\u0131l\u0131nda plastik, kau\u00e7uk \u00fcretimi ve serigrafi konusunda hizmet vermek amac\u0131yla Ankara\u2019da faaliyetlerine ba\u015flam\u0131\u015ft\u0131r. Firmam\u0131z kuruldu\u011fu g\u00fcnden bu yana Elektro-Mekanik sanayi ve Askeri kurulu\u015flar\u0131n plastik-kau\u00e7uk malzeme ve serigrafik bask\u0131 ihtiya\u00e7lar\u0131n\u0131 kar\u015f\u0131layan bir alt y\u00fcklenici olarak \u00e7al\u0131\u015fmaktad\u0131r.&nbsp;B\u0130LPLAS SAVUNMA, Zeliyha YILDIRIM taraf\u0131ndan kurulmu\u015ftur ve \u00fcretime 3 \u00e7al\u0131\u015fan\u0131 ile birlikte Ostim O.S.B\u2019de ba\u015flam\u0131\u015ft\u0131r. \u015eu anda \u015firketin [&hellip;]<\/p>","protected":false},"author":1,"featured_media":0,"parent":0,"menu_order":0,"comment_status":"closed","ping_status":"closed","template":"page-templates\/full-width-page.php","meta":[],"_links":{"self":[{"href":"https:\/\/www.bilplas.com\/en\/wp-json\/wp\/v2\/pages\/93"}],"collection":[{"href":"https:\/\/www.bilplas.com\/en\/wp-json\/wp\/v2\/pages"}],"about":[{"href":"https:\/\/www.bilplas.com\/en\/wp-json\/wp\/v2\/types\/page"}],"author":[{"embeddable":true,"href":"https:\/\/www.bilplas.com\/en\/wp-json\/wp\/v2\/users\/1"}],"replies":[{"embeddable":true,"href":"https:\/\/www.bilplas.com\/en\/wp-json\/wp\/v2\/comments?post=93"}],"version-history":[{"count":17,"href":"https:\/\/www.bilplas.com\/en\/wp-json\/wp\/v2\/pages\/93\/revisions"}],"predecessor-version":[{"id":3687,"href":"https:\/\/www.bilplas.com\/en\/wp-json\/wp\/v2\/pages\/93\/revisions\/3687"}],"wp:attachment":[{"href":"https:\/\/www.bilplas.com\/en\/wp-json\/wp\/v2\/media?parent=93"}],"curies":[{"name":"wp","href":"https:\/\/api.w.org\/{rel}","templated":true}]}}