{"id":95,"date":"2019-07-12T14:50:48","date_gmt":"2019-07-12T14:50:48","guid":{"rendered":"http:\/\/www.bilplas.com\/?page_id=95"},"modified":"2025-05-01T12:32:01","modified_gmt":"2025-05-01T12:32:01","slug":"politikamiz","status":"publish","type":"page","link":"https:\/\/www.bilplas.com\/en\/politikamiz","title":{"rendered":"OUR POLICY"},"content":{"rendered":"<div data-colibri-id=\"95-c1\" class=\"style-2436 style-local-95-c1 position-relative\">\n  <!---->\n  <div data-colibri-component=\"section\" data-colibri-id=\"95-c2\" id=\"about\" class=\"h-section h-section-global-spacing d-flex align-items-lg-center align-items-md-center align-items-end style-2444 style-local-95-c2 h-overflow-hidden position-relative\">\n    <div class=\"background-wrapper\">\n      <div class=\"background-layer background-layer-media-container-lg\">\n        <!---->\n        <div class=\"overlay-layer\">\n          <div class=\"overlay-image-layer\"><\/div>\n          <div class=\"shape-layer colibri-shape-circles-3\" style=\"background-position: center center; background-size: cover; background-repeat: no-repeat; filter: invert(63%);\"><\/div>\n        <\/div>\n      <\/div>\n      <div class=\"background-layer background-layer-media-container-md\">\n        <!---->\n        <div class=\"overlay-layer\">\n          <div class=\"overlay-image-layer\"><\/div>\n          <div class=\"shape-layer colibri-shape-circles-3\" style=\"background-position: center center; background-size: cover; background-repeat: no-repeat; filter: invert(63%);\"><\/div>\n        <\/div>\n      <\/div>\n      <div class=\"background-layer background-layer-media-container\">\n        <!---->\n        <div class=\"overlay-layer\">\n          <div class=\"overlay-image-layer\"><\/div>\n          <div class=\"shape-layer colibri-shape-circles-3\" style=\"background-position: center center; background-size: cover; background-repeat: no-repeat; filter: invert(63%);\"><\/div>\n        <\/div>\n      <\/div>\n    <\/div>\n    <!---->\n    <div class=\"h-section-grid-container h-section-boxed-container\">\n      <!---->\n      <div data-colibri-id=\"95-c3\" class=\"h-row-container gutters-row-lg-0 gutters-row-md-0 gutters-row-2 gutters-row-v-lg-0 gutters-row-v-md-0 gutters-row-v-0 style-2445 style-local-95-c3 position-relative\">\n        <!---->\n        <div class=\"h-row justify-content-lg-end justify-content-md-end justify-content-center align-items-lg-stretch align-items-md-stretch align-items-stretch gutters-col-lg-0 gutters-col-md-0 gutters-col-2 gutters-col-v-lg-0 gutters-col-v-md-0 gutters-col-v-0\">\n          <!---->\n          <div class=\"h-column h-column-container d-flex h-col-lg-auto h-col-md-auto h-col-auto style-2446-outer style-local-95-c4-outer\">\n            <div data-colibri-id=\"95-c4\" class=\"d-flex h-flex-basis h-column__inner h-px-lg-2 h-px-md-2 h-px-0 v-inner-lg-2 v-inner-md-2 v-inner-0 style-2446 style-local-95-c4 position-relative\">\n              <!---->\n              <!---->\n              <div class=\"w-100 h-y-container h-column__content h-column__v-align flex-basis-auto align-self-lg-center align-self-md-center align-self-center\">\n                <!---->\n                <div data-colibri-id=\"95-c5\" class=\"h-text h-text-component style-2448 style-local-95-c5 position-relative h-element\">\n                  <!---->\n                  <!---->\n                  <div class=\"\">\n                    <p><strong style=\"font-weight: 700;\">Our vision is as follows:<\/strong><\/p>\n                    <p>T\u00fcrk Savunma Sanayisinin geli\u015fmesine katk\u0131da bulunmak. Yerli ve milli olarak geli\u015ftirdi\u011fi<\/p>\n                    <p>\u00fcr\u00fcnleri ile bilinen, ulusal ve uluslararas\u0131 pazarda tercih edilen rekabet g\u00fcc\u00fc y\u00fcksek bir d\u00fcnya<\/p>\n                    <p>markas\u0131 haline gelmek.<\/p>\n                    <p><strong style=\"font-weight: 700;\">Our mission is as follows:<\/strong><\/p>\n                    <p>Ulusal d\u00fczeyde plastik, kau\u00e7uk Ar-Ge ve imalat hizmetleri sunan, milli sermaye ve imkanlar ile<\/p>\n                    <p>yerli \u00fcr\u00fcnler geli\u015ftiren, \u00fcreten kalite odakl\u0131 hizmet sunan bir \u00e7\u00f6z\u00fcm orta\u011f\u0131 olmak.<\/p>\n                    <p><strong style=\"font-weight: 700;\">De\u011ferlerimiz;<\/strong><\/p>\n                    <p>G\u00fcvenilirlik, d\u00fcr\u00fcstl\u00fck, payda\u015f memnuniyeti, verimlilik ve yarat\u0131c\u0131l\u0131k.<\/p>\n                    <p>\n                      <br>\n                    <\/p>\n                    <p><strong>Kalite Politikam\u0131z;<\/strong><\/p>\n                    <p>T\u00fcm payda\u015flar\u0131m\u0131z ile i\u015f birli\u011fi i\u00e7erisinde, m\u00fc\u015fterilerimize kaliteli, uygun maliyetli ve zaman\u0131nda \u00fcr\u00fcn teslim ederek m\u00fc\u015fteri memnuniyetini en \u00fcst seviyede tutmak,<\/p>\n                    <p>Kurulu\u015fun ba\u011flam\u0131 \u00e7er\u00e7evesinde personel, tedarik\u00e7i ve m\u00fc\u015fteri ili\u015fkilerinde a\u00e7\u0131k ve anla\u015f\u0131l\u0131r ileti\u015fim kurarak etkin ekip \u00e7al\u0131\u015fmas\u0131n\u0131 s\u00fcrd\u00fcrmek,<\/p>\n                    <p>Yasal \u015eartlara, mevzuatlara ve uygulanabilir di\u011fer \u015fartlara uygun olarak faaliyetlerimizi y\u00fcr\u00fctmek,<\/p>\n                    <p>Kaynaklar\u0131m\u0131z\u0131 en optimal \u015fekilde kullanmak,<\/p>\n                    <p>Kalite y\u00f6netim sisteminin ve politikas\u0131n\u0131n ilgili taraflar\u0131n ihtiya\u00e7 ve beklentileri kar\u015f\u0131lar durumda ve ula\u015f\u0131labilir olmas\u0131n\u0131 sa\u011flamak,<\/p>\n                    <p>S\u00fcre\u00e7lere uygun bir \u015fekilde teknoloji ile uyumlu \u00fcr\u00fcnler tasarlamak ve \u00fcretmek, olas\u0131 riskleri \u00f6n g\u00f6rerek gerekli \u00f6nlemleri almak, s\u00fcre\u00e7 \u00f6l\u00e7\u00fcm ve analizleri ile s\u00fcrekli iyile\u015ftirme \u00e7al\u0131\u015fmalar\u0131n\u0131 y\u00fcr\u00fctmek,<\/p>\n                    <p><span style=\"font-family: &quot;Open Sans&quot;; font-size: 101%;\">\u00c7al\u0131\u015fan memnuniyetini ve motivasyonunu en \u00fcst d\u00fczeyde tutmak i\u00e7in insan odakl\u0131 yakla\u015f\u0131m ile personel bilgi ve becerilerini e\u011fitimlerle geli\u015ftirmektir.<\/span><\/p>\n                    <p>\n                      <br>\n                    <\/p>\n                    <p><strong>BGYS Politikam\u0131z;<\/strong><\/p>\n                    <p>Bilgi G\u00fcvenli\u011fi Y\u00f6netim Sistemi gereksinimleri olan bilginin gizlili\u011fi, b\u00fct\u00fcnl\u00fc\u011f\u00fc ve eri\u015filebilirli\u011fi prensiplerine uymak amac\u0131yla firmam\u0131zda bilgi varl\u0131klar\u0131 tan\u0131mlanarak, risklerin belirlenerek, risklere ili\u015fkin kontrol \u00f6nlemlerinin\n                      al\u0131nmas\u0131n\u0131 i\u00e7eren risk y\u00f6netim metodolojisini firmam\u0131z, m\u00fc\u015fterilerimiz ve tedarik\u00e7ilerimiz i\u00e7in kurmak,<\/p>\n                    <p>M\u00fc\u015fterilerimize ait bilgilerin gizlili\u011fini korumak, standart ve yasal mevzuata uyumu sa\u011flamak,<\/p>\n                    <p>Bilgi g\u00fcvenli\u011fi risklerini azaltmak i\u00e7in gerekli donan\u0131m, yaz\u0131l\u0131m, e\u011fitim ve di\u011fer kontrollere gerekli kaynaklar\u0131 sa\u011flamak ve devaml\u0131l\u0131\u011f\u0131n\u0131 sa\u011flamak,<\/p>\n                    <p>T\u00fcm personelin ve i\u015f ortaklar\u0131n\u0131n; bilgi g\u00fcvenli\u011finin b\u00fct\u00fcnsel yakla\u015f\u0131m zorunlulu\u011fu gere\u011fi BGYS\u2019ye kat\u0131l\u0131m\u0131n\u0131 ve uymas\u0131n\u0131 sa\u011flamak i\u00e7in bilin\u00e7lendirme, e\u011fitim ve te\u015fvikini sa\u011flamak,<\/p>\n                    <p>BGYS\u2019nin verimlili\u011fini, i\u00e7 ve d\u0131\u015f denetimlerle kontrol etmek, izlemek, g\u00f6zden ge\u00e7irmek ve sistemi s\u00fcrekli uyumlu k\u0131lmak, s\u00fcrekli iyile\u015ftirme yapmay\u0131 taahh\u00fct ederiz.<\/p>\n                    <p>\n                      <br>\n                    <\/p>\n                    <p><strong>\u0130SG Politikam\u0131z;<\/strong><\/p>\n                    <p>\u0130\u015f sa\u011fl\u0131\u011f\u0131 ve g\u00fcvenli\u011fi politikas\u0131n\u0131n amac\u0131, \u00e7al\u0131\u015fanlar\u0131n sa\u011fl\u0131\u011f\u0131n\u0131 ve g\u00fcvenli\u011fini korumak, i\u015f kazalar\u0131n\u0131 ve meslek hastal\u0131klar\u0131n\u0131 \u00f6nlemek ve sa\u011fl\u0131kl\u0131 bir \u00e7al\u0131\u015fma ortam\u0131 yaratmak.<\/p>\n                    <p>ISO 45001 \u0130\u015f Sa\u011fl\u0131\u011f\u0131 ve G\u00fcvenli\u011fi Y\u00f6netim Sistemi Standard\u0131 gibi ulusal ve uluslararas\u0131 mevzuatlara, y\u00f6netmelikler ve standartlara uymak.<\/p>\n                    <p>T\u00fcm faaliyetlerinde insan\u0131 en de\u011ferli varl\u0131\u011f\u0131 olarak kabul ederek, \u00e7al\u0131\u015fanlar\u0131n\u0131 \u0130SG y\u00f6netim sisteminin t\u00fcm s\u00fcre\u00e7lerine aktif olarak kat\u0131l\u0131mlar\u0131n\u0131 sa\u011flayarak, daha g\u00fcvenli ve sa\u011fl\u0131kl\u0131 bir \u00e7al\u0131\u015fma ortam\u0131 yaratarak mevcut durumu s\u00fcrekli\n                      iyile\u015ftirmeyi ve geli\u015ftirmeyi \u00f6ncelikli hedefi olarak benimsemek.<\/p>\n                    <p>\u00dcst y\u00f6netim, \u0130SG politikalar\u0131na tam ba\u011fl\u0131l\u0131k g\u00f6sterecek ve \u00e7al\u0131\u015fanlar\u0131n sa\u011fl\u0131\u011f\u0131 ve g\u00fcvenli\u011fi i\u00e7in gerekli t\u00fcm \u00f6nlemlerin al\u0131nmas\u0131.<\/p>\n                    <p>ISG politikalar\u0131n\u0131n uygulanmas\u0131n\u0131 sa\u011flanacak, \u00e7al\u0131\u015fan temsilcisinin de kat\u0131l\u0131m\u0131 ile d\u00fczenli toplant\u0131lar yap\u0131lacak ve al\u0131nacak aksiyonlar belirtilecek. \u0130htiya\u00e7 halinde \u0130SG sisteminin iyile\u015ftirilmesine y\u00f6nelik d\u00fczenli faaliyetler y\u00fcr\u00fct\u00fclecek.<\/p>\n                    <p>Tehlike tan\u0131mlama, risk de\u011ferlendirme ve risk kontrol \u00f6nlemleri uygulanacak, risklerin belirlenmesi ve analiz edilmesi i\u00e7in kullan\u0131lan metodolojiler detayland\u0131r\u0131lacak.<\/p>\n                    <p>Belirlenen risklerin minimize edilmesi i\u00e7in al\u0131nacak \u00f6nlemler ve kontrol y\u00f6ntemleri belirlenecek.<\/p>\n                    <p>\u00c7al\u0131\u015fanlara verilen ISG e\u011fitimleri, e\u011fitim konular\u0131 ve e\u011fitimlerin d\u00fczenli olarak g\u00fcncellenmesi sa\u011flanacak.<\/p>\n                    <p>ISG ile ilgili bilgi payla\u015f\u0131m\u0131 ve i\u00e7\/d\u0131\u015f payda\u015flarla ileti\u015fim stratejileri belirlenecek.<\/p>\n                    <p>Olas\u0131 acil durum senaryolar\u0131 i\u00e7in planlar haz\u0131rlanacak ve izlenecek prosed\u00fcrler belirlenecek.<\/p>\n                    <p>Acil durumlarda kullan\u0131lacak ekipmanlar ve kaynaklar belirlenip, bak\u0131m\u0131 yap\u0131lacak.<\/p>\n                    <p>D\u00fczenli olarak acil durum tatbikatlar\u0131 yap\u0131lacak ve bu tatbikatlar s\u0131ras\u0131nda e\u011fitimler verilecek.<\/p>\n                    <p>\u0130\u015f kazalar\u0131n\u0131n ve olaylar\u0131n raporlanmas\u0131, analiz edilmesi ve kay\u0131t alt\u0131na al\u0131nmas\u0131 s\u00fcre\u00e7leri belirlenecek.<\/p>\n                    <p>ISG sisteminin etkinli\u011fini de\u011ferlendirmek i\u00e7in d\u00fczenli denetimler ve i\u00e7 kontroller yap\u0131lacak.<\/p>\n                    <p><span style=\"font-family: &quot;Open Sans&quot;; font-size: 11pt;\">ISG ile ilgili bilgilerin gizlili\u011fi sa\u011flanacak ve veri koruma politikalar\u0131n\u0131n uygulanmas\u0131n\u0131 taahh\u00fct ederiz.<\/span><\/p>\n                    <p>\n                      <br>\n                    <\/p>\n                    <p><strong>\u00c7evre Politikam\u0131z;<\/strong><\/p>\n                    <p>\u00c7evre Kanunu kapsam\u0131ndaki t\u00fcm yasal ve uygunluk y\u00fck\u00fcml\u00fcl\u00fcklerimizi yerine getirmek,<\/p>\n                    <p>\u0130\u015fletme faaliyetlerimizden kaynakl\u0131 \u00e7evre kirliliklerini \u00f6nlemek i\u00e7in gerekli t\u00fcm tedbirleri almak ve \u00e7evreyi korumak,<\/p>\n                    <p>\u00dcretim proseslerinden kaynakl\u0131 at\u0131klar\u0131 s\u0131f\u0131r at\u0131k prensibine uygun olarak y\u00f6netmek, at\u0131klar\u0131n hi\u00e7 \u00e7\u0131kmamas\u0131n\u0131 sa\u011flamak, \u00e7\u0131kacaksa da kayna\u011f\u0131nda azaltmay\u0131 ve s\u00fcrd\u00fcr\u00fclebilirli\u011fi sa\u011flamak,<\/p>\n                    <p>\u0130\u015fletmede \u00e7al\u0131\u015fanlar\u0131m\u0131z\u0131n e\u011fitim ile \u00e7evre bilincini artt\u0131rmak,<\/p>\n                    <p>Hammadde ve do\u011fal kaynak kullan\u0131mlar\u0131nda gereksiz sarfiyat\u0131 \u00f6nlemek,<\/p>\n                    <p>Faaliyetlerimizden kaynakl\u0131 iklim de\u011fi\u015fikli\u011fi etkilerine kar\u015f\u0131 gerekli t\u00fcm tedbirleri almak,<\/p>\n                    <p>\u00c7evre performans\u0131m\u0131z\u0131n artt\u0131r\u0131lmas\u0131 i\u00e7in \u00e7evre y\u00f6netim sistemimizi s\u00fcrekli iyile\u015ftirmek,<\/p>\n                    <p>\u00dcretimimizde ve kulland\u0131\u011f\u0131m\u0131z hammaddelerde her zaman son teknolojiyi ara\u015ft\u0131rarak \u00e7evre dostu bir kurulu\u015f olmak.<\/p>\n                    <p>\u00dcretim faaliyetlerimizi; do\u011fal ve sosyal \u00e7evrenin kirlenmesini \u00f6nleyerek, y\u00fck\u00fcml\u00fc oldu\u011fumuz yasal \u015fartlara uyarak ve \u00e7evre boyutlar\u0131n\u0131 her a\u015famada dikkate alarak ger\u00e7ekle\u015ftirmek,<\/p>\n                    <p><span style=\"font-size: 11pt; font-family: &quot;Open Sans&quot;;\">Y\u00fcr\u00fctt\u00fc\u011f\u00fcm\u00fcz t\u00fcm faaliyetlerde geri d\u00f6n\u00fc\u015ft\u00fcr\u00fclebilir at\u0131klar\u0131 de\u011ferlendirmek, s\u0131n\u0131rl\u0131 olan do\u011fal kaynak kullan\u0131m\u0131n\u0131 azaltmak ve do\u011fal varl\u0131klar\u0131 korumay\u0131 taahh\u00fct ederiz.<\/span><\/p>\n                    <p><strong style=\"color: rgb(11, 11, 11);\"><em>&nbsp;&nbsp;&nbsp;&nbsp;&nbsp;&nbsp;&nbsp;&nbsp;&nbsp;&nbsp;&nbsp;&nbsp;&nbsp;&nbsp;&nbsp;&nbsp;&nbsp;&nbsp;&nbsp;&nbsp;&nbsp;&nbsp;&nbsp;&nbsp;&nbsp;&nbsp;&nbsp;&nbsp;&nbsp;&nbsp;&nbsp;&nbsp;&nbsp;&nbsp;&nbsp;&nbsp;&nbsp;&nbsp;&nbsp;&nbsp;&nbsp;&nbsp;&nbsp;&nbsp;&nbsp;&nbsp;&nbsp;&nbsp;&nbsp;&nbsp;&nbsp;&nbsp;&nbsp;&nbsp;&nbsp;&nbsp;&nbsp;&nbsp;&nbsp;&nbsp;&nbsp;&nbsp;&nbsp;&nbsp;&nbsp;&nbsp;&nbsp;&nbsp;&nbsp;&nbsp;&nbsp;&nbsp;&nbsp;&nbsp;&nbsp;&nbsp;&nbsp;&nbsp;&nbsp;&nbsp;&nbsp;&nbsp;&nbsp;&nbsp;&nbsp;&nbsp;&nbsp;&nbsp;&nbsp;&nbsp;&nbsp;&nbsp;&nbsp;&nbsp;&nbsp;&nbsp;&nbsp;<\/em><\/strong>&nbsp;\n                      &nbsp; &nbsp; &nbsp; &nbsp; &nbsp; &nbsp; &nbsp; &nbsp; &nbsp; &nbsp; &nbsp; &nbsp; &nbsp; &nbsp; &nbsp; &nbsp; &nbsp; &nbsp; &nbsp; &nbsp; &nbsp; &nbsp; &nbsp; &nbsp; &nbsp; &nbsp; &nbsp; &nbsp; &nbsp; &nbsp; &nbsp; &nbsp; &nbsp;\n                      &nbsp; &nbsp; &nbsp; &nbsp; &nbsp; &nbsp; &nbsp; &nbsp; &nbsp; &nbsp; &nbsp; &nbsp; &nbsp; &nbsp; &nbsp; &nbsp; &nbsp; &nbsp; &nbsp; &nbsp;<strong style=\"color: rgb(11, 11, 11);\"><em>Zeliyha YILDIRIM<\/em><\/strong><\/p>\n                    <p><strong style=\"color: rgb(11, 11, 11);\"><em>&nbsp; &nbsp; &nbsp; &nbsp; &nbsp; &nbsp; &nbsp; &nbsp; &nbsp; &nbsp; &nbsp; &nbsp; &nbsp; &nbsp; &nbsp; &nbsp; &nbsp; &nbsp; &nbsp; &nbsp; &nbsp; &nbsp; &nbsp; &nbsp; &nbsp; &nbsp; &nbsp; &nbsp; &nbsp; &nbsp; &nbsp; &nbsp; &nbsp; &nbsp; &nbsp; &nbsp; &nbsp; &nbsp; &nbsp; &nbsp; &nbsp; &nbsp; &nbsp; &nbsp; &nbsp; &nbsp; &nbsp; &nbsp; &nbsp; &nbsp; &nbsp; &nbsp; &nbsp; &nbsp; &nbsp; &nbsp; &nbsp; &nbsp; &nbsp; &nbsp; &nbsp; &nbsp; &nbsp; &nbsp; &nbsp; &nbsp; &nbsp; &nbsp; &nbsp; &nbsp; &nbsp; &nbsp; &nbsp; &nbsp; &nbsp; &nbsp; &nbsp; &nbsp; &nbsp; &nbsp; &nbsp; &nbsp; &nbsp; &nbsp; &nbsp; &nbsp; &nbsp; &nbsp; &nbsp; &nbsp; &nbsp; &nbsp; &nbsp; &nbsp; &nbsp; &nbsp; &nbsp; &nbsp; &nbsp; &nbsp; &nbsp; &nbsp; &nbsp; Company Manager<\/em><\/strong><\/p>\n                    <p>\n                      <br>\n                    <\/p>\n                  <\/div>\n                <\/div>\n              <\/div>\n            <\/div>\n          <\/div>\n        <\/div>\n      <\/div>\n    <\/div>\n  <\/div>\n<\/div>","protected":false},"excerpt":{"rendered":"<p>Vizyonumuz; T\u00fcrk Savunma Sanayisinin geli\u015fmesine katk\u0131da bulunmak. Yerli ve milli olarak geli\u015ftirdi\u011fi \u00fcr\u00fcnleri ile bilinen, ulusal ve uluslararas\u0131 pazarda tercih edilen rekabet g\u00fcc\u00fc y\u00fcksek bir d\u00fcnya markas\u0131 haline gelmek. Misyonumuz; Ulusal d\u00fczeyde plastik, kau\u00e7uk Ar-Ge ve imalat hizmetleri sunan, milli sermaye ve imkanlar ile yerli \u00fcr\u00fcnler geli\u015ftiren, \u00fcreten kalite odakl\u0131 hizmet sunan bir \u00e7\u00f6z\u00fcm orta\u011f\u0131 [&hellip;]<\/p>","protected":false},"author":1,"featured_media":0,"parent":0,"menu_order":0,"comment_status":"closed","ping_status":"closed","template":"page-templates\/full-width-page.php","meta":[],"_links":{"self":[{"href":"https:\/\/www.bilplas.com\/en\/wp-json\/wp\/v2\/pages\/95"}],"collection":[{"href":"https:\/\/www.bilplas.com\/en\/wp-json\/wp\/v2\/pages"}],"about":[{"href":"https:\/\/www.bilplas.com\/en\/wp-json\/wp\/v2\/types\/page"}],"author":[{"embeddable":true,"href":"https:\/\/www.bilplas.com\/en\/wp-json\/wp\/v2\/users\/1"}],"replies":[{"embeddable":true,"href":"https:\/\/www.bilplas.com\/en\/wp-json\/wp\/v2\/comments?post=95"}],"version-history":[{"count":20,"href":"https:\/\/www.bilplas.com\/en\/wp-json\/wp\/v2\/pages\/95\/revisions"}],"predecessor-version":[{"id":3950,"href":"https:\/\/www.bilplas.com\/en\/wp-json\/wp\/v2\/pages\/95\/revisions\/3950"}],"wp:attachment":[{"href":"https:\/\/www.bilplas.com\/en\/wp-json\/wp\/v2\/media?parent=95"}],"curies":[{"name":"wp","href":"https:\/\/api.w.org\/{rel}","templated":true}]}}